{"id":915,"date":"2025-07-26T04:09:07","date_gmt":"2025-07-26T04:09:07","guid":{"rendered":"https:\/\/smartquimica.tn\/?post_type=product&#038;p=915"},"modified":"2026-02-06T17:25:57","modified_gmt":"2026-02-06T17:25:57","slug":"talc","status":"publish","type":"product","link":"https:\/\/smartquimica.tn\/?product=talc","title":{"rendered":"TALC"},"content":{"rendered":"<p>Le talc est un min\u00e9ral d&rsquo;origine naturelle, connu pour sa douceur et sa capacit\u00e9 \u00e0 absorber l&rsquo;humidit\u00e9 et \u00e0 r\u00e9duire les frottements. Il est largement utilis\u00e9 dans divers produits, notamment les cosm\u00e9tiques, les produits de soins personnels, et les m\u00e9dicaments en vente libre.<\/p>\n","protected":false},"excerpt":{"rendered":"<p>Le <strong data-start=\"3\" data-end=\"11\">talc<\/strong> est un min\u00e9ral naturel reconnu pour ses propri\u00e9t\u00e9s absorbantes, adoucissantes et protectrices : il aide \u00e0 r\u00e9guler l\u2019humidit\u00e9, r\u00e9duit les frottements responsables d\u2019irritations, apaise les rougeurs l\u00e9g\u00e8res et laisse la peau douce et velout\u00e9e ; largement utilis\u00e9 en cosm\u00e9tique, il entre dans les poudres corporelles, les soins pour b\u00e9b\u00e9, les d\u00e9odorants et le maquillage pour ses effets matifiants et sa capacit\u00e9 \u00e0 am\u00e9liorer la texture des formules, \u00e0 condition d\u2019\u00eatre de qualit\u00e9 pharmaceutique\/cosm\u00e9tique et utilis\u00e9 uniquement en application externe, en \u00e9vitant l\u2019inhalation.<\/p>\n","protected":false},"featured_media":1119,"comment_status":"open","ping_status":"closed","template":"","meta":[],"product_brand":[],"product_cat":[37,97,73],"product_tag":[98,99],"class_list":{"0":"post-915","1":"product","2":"type-product","3":"status-publish","4":"has-post-thumbnail","6":"product_cat-natura-shop","7":"product_cat-les-colorants","8":"product_cat-exfoliant","9":"product_tag-exfoliant","10":"product_tag-talc","12":"first","13":"onbackorder","14":"shipping-taxable","15":"purchasable","16":"product-type-variable"},"_links":{"self":[{"href":"https:\/\/smartquimica.tn\/index.php?rest_route=\/wp\/v2\/product\/915","targetHints":{"allow":["GET"]}}],"collection":[{"href":"https:\/\/smartquimica.tn\/index.php?rest_route=\/wp\/v2\/product"}],"about":[{"href":"https:\/\/smartquimica.tn\/index.php?rest_route=\/wp\/v2\/types\/product"}],"replies":[{"embeddable":true,"href":"https:\/\/smartquimica.tn\/index.php?rest_route=%2Fwp%2Fv2%2Fcomments&post=915"}],"wp:featuredmedia":[{"embeddable":true,"href":"https:\/\/smartquimica.tn\/index.php?rest_route=\/wp\/v2\/media\/1119"}],"wp:attachment":[{"href":"https:\/\/smartquimica.tn\/index.php?rest_route=%2Fwp%2Fv2%2Fmedia&parent=915"}],"wp:term":[{"taxonomy":"product_brand","embeddable":true,"href":"https:\/\/smartquimica.tn\/index.php?rest_route=%2Fwp%2Fv2%2Fproduct_brand&post=915"},{"taxonomy":"product_cat","embeddable":true,"href":"https:\/\/smartquimica.tn\/index.php?rest_route=%2Fwp%2Fv2%2Fproduct_cat&post=915"},{"taxonomy":"product_tag","embeddable":true,"href":"https:\/\/smartquimica.tn\/index.php?rest_route=%2Fwp%2Fv2%2Fproduct_tag&post=915"}],"curies":[{"name":"wp","href":"https:\/\/api.w.org\/{rel}","templated":true}]}}