{"id":2421,"date":"2025-12-02T14:04:44","date_gmt":"2025-12-02T14:04:44","guid":{"rendered":"https:\/\/smartquimica.tn\/?post_type=product&#038;p=2421"},"modified":"2025-12-02T14:04:44","modified_gmt":"2025-12-02T14:04:44","slug":"sodium-lauroyl-sarcosinate","status":"publish","type":"product","link":"https:\/\/smartquimica.tn\/?product=sodium-lauroyl-sarcosinate","title":{"rendered":"SODIUM LAUROYL SARCOSINATE"},"content":{"rendered":"<p>Le <strong data-start=\"3\" data-end=\"33\">Sodium Lauroyl Sarcosinate<\/strong> est un tensioactif doux d\u00e9riv\u00e9 de la sarcosine (un acide amin\u00e9) et d\u2019acide laurique, tr\u00e8s appr\u00e9ci\u00e9 dans les soins du visage, les nettoyants pour peaux sensibles et les shampoings \u00ab sans sulfate \u00bb ; il offre une bonne mousse, nettoie efficacement sans agresser, am\u00e9liore la douceur du produit, r\u00e9duit l\u2019irritation par rapport aux tensioactifs traditionnels, et laisse la peau et les cheveux souples et non dess\u00e9ch\u00e9s, ce qui en fait un excellent choix pour les formules d\u00e9licates, purifiantes et adapt\u00e9es \u00e0 un usage quotidien.<\/p>\n","protected":false},"excerpt":{"rendered":"<p>Le Sodium Lauroyl Sarcosinate est un tensioactif doux d\u00e9riv\u00e9 de la sarcosine (un acide amin\u00e9) et d\u2019acide laurique, tr\u00e8s appr\u00e9ci\u00e9 dans les soins du visage, les nettoyants pour peaux sensibles et les shampoings \u00ab sans sulfate \u00bb ; il offre une bonne mousse, nettoie efficacement sans agresser, am\u00e9liore la douceur du produit, r\u00e9duit l\u2019irritation par [&hellip;]<\/p>\n","protected":false},"featured_media":2389,"comment_status":"open","ping_status":"closed","template":"","meta":[],"product_brand":[],"product_cat":[84],"product_tag":[113,42,138,40],"class_list":{"0":"post-2421","1":"product","2":"type-product","3":"status-publish","4":"has-post-thumbnail","6":"product_cat-les-tensioactifs","7":"product_tag-actif","8":"product_tag-beauty","9":"product_tag-haircare","10":"product_tag-natural","12":"first","13":"instock","14":"shipping-taxable","15":"purchasable","16":"product-type-variable"},"_links":{"self":[{"href":"https:\/\/smartquimica.tn\/index.php?rest_route=\/wp\/v2\/product\/2421","targetHints":{"allow":["GET"]}}],"collection":[{"href":"https:\/\/smartquimica.tn\/index.php?rest_route=\/wp\/v2\/product"}],"about":[{"href":"https:\/\/smartquimica.tn\/index.php?rest_route=\/wp\/v2\/types\/product"}],"replies":[{"embeddable":true,"href":"https:\/\/smartquimica.tn\/index.php?rest_route=%2Fwp%2Fv2%2Fcomments&post=2421"}],"wp:featuredmedia":[{"embeddable":true,"href":"https:\/\/smartquimica.tn\/index.php?rest_route=\/wp\/v2\/media\/2389"}],"wp:attachment":[{"href":"https:\/\/smartquimica.tn\/index.php?rest_route=%2Fwp%2Fv2%2Fmedia&parent=2421"}],"wp:term":[{"taxonomy":"product_brand","embeddable":true,"href":"https:\/\/smartquimica.tn\/index.php?rest_route=%2Fwp%2Fv2%2Fproduct_brand&post=2421"},{"taxonomy":"product_cat","embeddable":true,"href":"https:\/\/smartquimica.tn\/index.php?rest_route=%2Fwp%2Fv2%2Fproduct_cat&post=2421"},{"taxonomy":"product_tag","embeddable":true,"href":"https:\/\/smartquimica.tn\/index.php?rest_route=%2Fwp%2Fv2%2Fproduct_tag&post=2421"}],"curies":[{"name":"wp","href":"https:\/\/api.w.org\/{rel}","templated":true}]}}