{"id":2343,"date":"2025-12-02T09:29:03","date_gmt":"2025-12-02T09:29:03","guid":{"rendered":"https:\/\/smartquimica.tn\/?post_type=product&#038;p=2343"},"modified":"2025-12-02T09:29:03","modified_gmt":"2025-12-02T09:29:03","slug":"ethylhexylglycerin-ehg","status":"publish","type":"product","link":"https:\/\/smartquimica.tn\/?product=ethylhexylglycerin-ehg","title":{"rendered":"ETHYLHEXYLGLYCERIN EHG"},"content":{"rendered":"<p><strong data-start=\"89\" data-end=\"117\">Ethylhexylglycerin (EHG)<\/strong> est un ingr\u00e9dient multifonctionnel utilis\u00e9 dans les soins cosm\u00e9tiques pour ses propri\u00e9t\u00e9s <strong data-start=\"208\" data-end=\"258\">hydratantes, conditionnantes et conservatrices<\/strong>. Il agit comme un <strong data-start=\"277\" data-end=\"296\">\u00e9mollient l\u00e9ger<\/strong>, laissant la peau douce et souple, et am\u00e9liore l\u2019efficacit\u00e9 des conservateurs en renfor\u00e7ant la protection contre les micro-organismes. Compatible avec la plupart des formulations, il est id\u00e9al pour les cr\u00e8mes, lotions et autres soins de <strong data-start=\"534\" data-end=\"549\">Natura Shop<\/strong>, apportant douceur, s\u00e9curit\u00e9 et confort \u00e0 la peau. Le pourcentage d\u2019utilisation recommand\u00e9 se situe g\u00e9n\u00e9ralement entre <strong data-start=\"669\" data-end=\"685\" data-is-only-node=\"\">0,5 % et 2 %<\/strong> selon la formule.<\/p>\n","protected":false},"excerpt":{"rendered":"<p>Ethylhexylglycerin (EHG) est un ingr\u00e9dient multifonctionnel utilis\u00e9 dans les soins cosm\u00e9tiques pour ses propri\u00e9t\u00e9s hydratantes, conditionnantes et conservatrices. Il agit comme un \u00e9mollient l\u00e9ger, laissant la peau douce et souple, et am\u00e9liore l\u2019efficacit\u00e9 des conservateurs en renfor\u00e7ant la protection contre les micro-organismes. Compatible avec la plupart des formulations, il est id\u00e9al pour les cr\u00e8mes, lotions [&hellip;]<\/p>\n","protected":false},"featured_media":2327,"comment_status":"open","ping_status":"closed","template":"","meta":[],"product_brand":[],"product_cat":[81,86],"product_tag":[113,124,137,106],"class_list":{"0":"post-2343","1":"product","2":"type-product","3":"status-publish","4":"has-post-thumbnail","6":"product_cat-conservateurs-et-deodorant-et-antitranspiration","7":"product_cat-emollient","8":"product_tag-actif","9":"product_tag-cremes-cosmetiques","10":"product_tag-dedorant","11":"product_tag-hydratant","13":"first","14":"instock","15":"shipping-taxable","16":"purchasable","17":"product-type-variable"},"_links":{"self":[{"href":"https:\/\/smartquimica.tn\/index.php?rest_route=\/wp\/v2\/product\/2343","targetHints":{"allow":["GET"]}}],"collection":[{"href":"https:\/\/smartquimica.tn\/index.php?rest_route=\/wp\/v2\/product"}],"about":[{"href":"https:\/\/smartquimica.tn\/index.php?rest_route=\/wp\/v2\/types\/product"}],"replies":[{"embeddable":true,"href":"https:\/\/smartquimica.tn\/index.php?rest_route=%2Fwp%2Fv2%2Fcomments&post=2343"}],"wp:featuredmedia":[{"embeddable":true,"href":"https:\/\/smartquimica.tn\/index.php?rest_route=\/wp\/v2\/media\/2327"}],"wp:attachment":[{"href":"https:\/\/smartquimica.tn\/index.php?rest_route=%2Fwp%2Fv2%2Fmedia&parent=2343"}],"wp:term":[{"taxonomy":"product_brand","embeddable":true,"href":"https:\/\/smartquimica.tn\/index.php?rest_route=%2Fwp%2Fv2%2Fproduct_brand&post=2343"},{"taxonomy":"product_cat","embeddable":true,"href":"https:\/\/smartquimica.tn\/index.php?rest_route=%2Fwp%2Fv2%2Fproduct_cat&post=2343"},{"taxonomy":"product_tag","embeddable":true,"href":"https:\/\/smartquimica.tn\/index.php?rest_route=%2Fwp%2Fv2%2Fproduct_tag&post=2343"}],"curies":[{"name":"wp","href":"https:\/\/api.w.org\/{rel}","templated":true}]}}