{"id":2262,"date":"2025-11-24T12:00:32","date_gmt":"2025-11-24T12:00:32","guid":{"rendered":"https:\/\/smartquimica.tn\/?post_type=product&#038;p=2262"},"modified":"2025-11-24T12:00:32","modified_gmt":"2025-11-24T12:00:32","slug":"cetearyl-alcohol-lanette-o","status":"publish","type":"product","link":"https:\/\/smartquimica.tn\/?product=cetearyl-alcohol-lanette-o","title":{"rendered":"Cetearyl Alcohol Lanette O"},"content":{"rendered":"<p>Le <strong data-start=\"3\" data-end=\"49\">Cetearyl Alcohol (Lanette O) de NTURA SHOP<\/strong> est un alcool gras non ionique largement utilis\u00e9 en cosm\u00e9tique comme <strong data-start=\"119\" data-end=\"172\">\u00e9mollient, \u00e9paississant et stabilisant d\u2019\u00e9mulsion<\/strong>. Propos\u00e9 par NTURA SHOP, il permet de cr\u00e9er des cr\u00e8mes et lotions \u00e0 la texture onctueuse et agr\u00e9able au toucher tout en assurant la stabilit\u00e9 des formulations, notamment les \u00e9mulsions huile-dans-eau (O\/W). Il adoucit et lisse la peau, offrant un effet hydratant en limitant l\u2019\u00e9vaporation de l\u2019eau. La <strong data-start=\"474\" data-end=\"517\">concentration d\u2019utilisation recommand\u00e9e<\/strong> se situe g\u00e9n\u00e9ralement entre <strong data-start=\"546\" data-end=\"561\">3 % et 10 %<\/strong>, selon la richesse et la consistance souhait\u00e9es pour le produit fini.<\/p>\n","protected":false},"excerpt":{"rendered":"<p>Le Cetearyl Alcohol (Lanette O) de NTURA SHOP est un alcool gras non ionique largement utilis\u00e9 en cosm\u00e9tique comme \u00e9mollient, \u00e9paississant et stabilisant d\u2019\u00e9mulsion. Propos\u00e9 par NTURA SHOP, il permet de cr\u00e9er des cr\u00e8mes et lotions \u00e0 la texture onctueuse et agr\u00e9able au toucher tout en assurant la stabilit\u00e9 des formulations, notamment les \u00e9mulsions huile-dans-eau [&hellip;]<\/p>\n","protected":false},"featured_media":2229,"comment_status":"open","ping_status":"closed","template":"","meta":[],"product_brand":[],"product_cat":[79],"product_tag":[113,104],"class_list":{"0":"post-2262","1":"product","2":"type-product","3":"status-publish","4":"has-post-thumbnail","6":"product_cat-emulsifiants-et-rheologie","7":"product_tag-actif","8":"product_tag-cosmetique","10":"first","11":"instock","12":"shipping-taxable","13":"purchasable","14":"product-type-variable"},"_links":{"self":[{"href":"https:\/\/smartquimica.tn\/index.php?rest_route=\/wp\/v2\/product\/2262","targetHints":{"allow":["GET"]}}],"collection":[{"href":"https:\/\/smartquimica.tn\/index.php?rest_route=\/wp\/v2\/product"}],"about":[{"href":"https:\/\/smartquimica.tn\/index.php?rest_route=\/wp\/v2\/types\/product"}],"replies":[{"embeddable":true,"href":"https:\/\/smartquimica.tn\/index.php?rest_route=%2Fwp%2Fv2%2Fcomments&post=2262"}],"wp:featuredmedia":[{"embeddable":true,"href":"https:\/\/smartquimica.tn\/index.php?rest_route=\/wp\/v2\/media\/2229"}],"wp:attachment":[{"href":"https:\/\/smartquimica.tn\/index.php?rest_route=%2Fwp%2Fv2%2Fmedia&parent=2262"}],"wp:term":[{"taxonomy":"product_brand","embeddable":true,"href":"https:\/\/smartquimica.tn\/index.php?rest_route=%2Fwp%2Fv2%2Fproduct_brand&post=2262"},{"taxonomy":"product_cat","embeddable":true,"href":"https:\/\/smartquimica.tn\/index.php?rest_route=%2Fwp%2Fv2%2Fproduct_cat&post=2262"},{"taxonomy":"product_tag","embeddable":true,"href":"https:\/\/smartquimica.tn\/index.php?rest_route=%2Fwp%2Fv2%2Fproduct_tag&post=2262"}],"curies":[{"name":"wp","href":"https:\/\/api.w.org\/{rel}","templated":true}]}}