{"id":2168,"date":"2025-11-20T10:38:27","date_gmt":"2025-11-20T10:38:27","guid":{"rendered":"https:\/\/smartquimica.tn\/?post_type=product&#038;p=2168"},"modified":"2025-11-20T10:38:27","modified_gmt":"2025-11-20T10:38:27","slug":"isopropyl-myristate-ipm","status":"publish","type":"product","link":"https:\/\/smartquimica.tn\/?product=isopropyl-myristate-ipm","title":{"rendered":"ISOPROPYL MYRISTATE (IPM)"},"content":{"rendered":"<article class=\"text-token-text-primary w-full focus:outline-none [--shadow-height:45px] has-data-writing-block:pointer-events-none has-data-writing-block:-mt-(--shadow-height) has-data-writing-block:pt-(--shadow-height) [&amp;:has([data-writing-block])&gt;*]:pointer-events-auto [content-visibility:auto] supports-[content-visibility:auto]:[contain-intrinsic-size:auto_100lvh] scroll-mt-[calc(var(--header-height)+min(200px,max(70px,20svh)))]\" dir=\"auto\" tabindex=\"-1\" data-turn-id=\"request-WEB:e0ac2fe1-714f-426e-8d82-4329fb5b1b8c-12\" data-testid=\"conversation-turn-26\" data-scroll-anchor=\"true\" data-turn=\"assistant\">\n<div class=\"text-base my-auto mx-auto pb-10 [--thread-content-margin:--spacing(4)] thread-sm:[--thread-content-margin:--spacing(6)] thread-lg:[--thread-content-margin:--spacing(16)] px-(--thread-content-margin)\">\n<div class=\"[--thread-content-max-width:40rem] thread-lg:[--thread-content-max-width:48rem] mx-auto max-w-(--thread-content-max-width) flex-1 group\/turn-messages focus-visible:outline-hidden relative flex w-full min-w-0 flex-col agent-turn\" tabindex=\"-1\">\n<div class=\"flex max-w-full flex-col grow\">\n<div class=\"min-h-8 text-message relative flex w-full flex-col items-end gap-2 text-start break-words whitespace-normal [.text-message+&amp;]:mt-1\" dir=\"auto\" data-message-author-role=\"assistant\" data-message-id=\"6b80ebcb-096c-48c3-a891-8e65e3d172cc\" data-message-model-slug=\"gpt-5-mini\">\n<div class=\"flex w-full flex-col gap-1 empty:hidden first:pt-[1px]\">\n<div class=\"markdown prose dark:prose-invert w-full break-words light markdown-new-styling\">\n<p data-start=\"0\" data-end=\"866\" data-is-last-node=\"\" data-is-only-node=\"\">L\u2019<strong data-start=\"2\" data-end=\"31\">Isopropyl Myristate (IPM)<\/strong> est un <strong data-start=\"39\" data-end=\"90\">ester l\u00e9ger d\u2019acide myristique et d\u2019isopropanol<\/strong>, largement utilis\u00e9 en cosm\u00e9tique comme <strong data-start=\"130\" data-end=\"175\">\u00e9mollient, lubrifiant et agent de texture<\/strong>. Il p\u00e9n\u00e8tre rapidement dans la peau et les cheveux, laissant un <strong data-start=\"240\" data-end=\"275\">toucher sec, soyeux et non gras<\/strong>, tout en am\u00e9liorant la <strong data-start=\"299\" data-end=\"354\">glissance et la r\u00e9partitions des autres ingr\u00e9dients<\/strong> dans les formules. En soins capillaires, il aide \u00e0 <strong data-start=\"406\" data-end=\"450\">assouplir, adoucir et apporter brillance<\/strong>, souvent utilis\u00e9 dans les s\u00e9rums, huiles l\u00e9g\u00e8res, sprays ou apr\u00e8s-shampoings. En cosm\u00e9tique cutan\u00e9e, il favorise la <strong data-start=\"567\" data-end=\"604\">p\u00e9n\u00e9tration des actifs lipophiles<\/strong>, r\u00e9duit la sensation de gras des huiles et corps gras, et am\u00e9liore l\u2019\u00e9talement des cr\u00e8mes, lotions ou produits solaires. Il est g\u00e9n\u00e9ralement utilis\u00e9 \u00e0 <strong data-start=\"756\" data-end=\"766\">1\u201310 %<\/strong>, compatible avec la plupart des huiles et est stable dans une large gamme de pH et de temp\u00e9ratures.<\/p>\n<\/div>\n<\/div>\n<\/div>\n<\/div>\n<div class=\"z-0 flex min-h-[46px] justify-start\"><\/div>\n<\/div>\n<\/div>\n<\/article>\n<div class=\"pointer-events-none h-px w-px\" aria-hidden=\"true\" data-edge=\"true\"><\/div>\n","protected":false},"excerpt":{"rendered":"<p>L\u2019Isopropyl Myristate (IPM) est un ester l\u00e9ger d\u2019acide myristique et d\u2019isopropanol, largement utilis\u00e9 en cosm\u00e9tique comme \u00e9mollient, lubrifiant et agent de texture. Il p\u00e9n\u00e8tre rapidement dans la peau et les cheveux, laissant un toucher sec, soyeux et non gras, tout en am\u00e9liorant la glissance et la r\u00e9partitions des autres ingr\u00e9dients dans les formules. En soins [&hellip;]<\/p>\n","protected":false},"featured_media":2171,"comment_status":"open","ping_status":"closed","template":"","meta":[],"product_brand":[],"product_cat":[86,87],"product_tag":[104,106],"class_list":{"0":"post-2168","1":"product","2":"type-product","3":"status-publish","4":"has-post-thumbnail","6":"product_cat-emollient","7":"product_cat-solvant","8":"product_tag-cosmetique","9":"product_tag-hydratant","11":"first","12":"instock","13":"shipping-taxable","14":"purchasable","15":"product-type-variable"},"_links":{"self":[{"href":"https:\/\/smartquimica.tn\/index.php?rest_route=\/wp\/v2\/product\/2168","targetHints":{"allow":["GET"]}}],"collection":[{"href":"https:\/\/smartquimica.tn\/index.php?rest_route=\/wp\/v2\/product"}],"about":[{"href":"https:\/\/smartquimica.tn\/index.php?rest_route=\/wp\/v2\/types\/product"}],"replies":[{"embeddable":true,"href":"https:\/\/smartquimica.tn\/index.php?rest_route=%2Fwp%2Fv2%2Fcomments&post=2168"}],"wp:featuredmedia":[{"embeddable":true,"href":"https:\/\/smartquimica.tn\/index.php?rest_route=\/wp\/v2\/media\/2171"}],"wp:attachment":[{"href":"https:\/\/smartquimica.tn\/index.php?rest_route=%2Fwp%2Fv2%2Fmedia&parent=2168"}],"wp:term":[{"taxonomy":"product_brand","embeddable":true,"href":"https:\/\/smartquimica.tn\/index.php?rest_route=%2Fwp%2Fv2%2Fproduct_brand&post=2168"},{"taxonomy":"product_cat","embeddable":true,"href":"https:\/\/smartquimica.tn\/index.php?rest_route=%2Fwp%2Fv2%2Fproduct_cat&post=2168"},{"taxonomy":"product_tag","embeddable":true,"href":"https:\/\/smartquimica.tn\/index.php?rest_route=%2Fwp%2Fv2%2Fproduct_tag&post=2168"}],"curies":[{"name":"wp","href":"https:\/\/api.w.org\/{rel}","templated":true}]}}