{"id":2151,"date":"2025-11-20T10:12:53","date_gmt":"2025-11-20T10:12:53","guid":{"rendered":"https:\/\/smartquimica.tn\/?post_type=product&#038;p=2151"},"modified":"2025-11-20T10:12:54","modified_gmt":"2025-11-20T10:12:54","slug":"huile-paraffine-legere","status":"publish","type":"product","link":"https:\/\/smartquimica.tn\/?product=huile-paraffine-legere","title":{"rendered":"HUILE PARAFFINE l\u00e9g\u00e8re"},"content":{"rendered":"<p>L\u2019<strong data-start=\"2\" data-end=\"31\">huile de paraffine l\u00e9g\u00e8re<\/strong> (aussi appel\u00e9e <strong data-start=\"47\" data-end=\"76\">paraffinum liquidum light<\/strong> ou <strong data-start=\"80\" data-end=\"101\">light mineral oil<\/strong>) est une huile min\u00e9rale hautement raffin\u00e9e, transparente et inodore, utilis\u00e9e en cosm\u00e9tique pour ses propri\u00e9t\u00e9s <strong data-start=\"214\" data-end=\"229\">\u00e9mollientes<\/strong>, <strong data-start=\"231\" data-end=\"248\">adoucissantes<\/strong> et <strong data-start=\"252\" data-end=\"268\">protectrices<\/strong>. Elle forme un <strong data-start=\"284\" data-end=\"307\">film occlusif l\u00e9ger<\/strong> \u00e0 la surface de la peau ou des cheveux, limitant la perte en eau (TEWL) et am\u00e9liorant la douceur, la souplesse et la protection contre la d\u00e9shydratation. Tr\u00e8s stable, non irritante et non com\u00e9dog\u00e8ne dans ses grades cosm\u00e9tiques, elle est particuli\u00e8rement utile dans les lotions hydratantes, cr\u00e8mes corps, baumes, huiles de massage, ainsi que dans les soins capillaires pour apporter <strong data-start=\"690\" data-end=\"703\">brillance<\/strong>, <strong data-start=\"705\" data-end=\"719\">discipline<\/strong> et <strong data-start=\"723\" data-end=\"737\">protection<\/strong> sans rancir. Inerte chimiquement, elle est compatible avec la majorit\u00e9 des ingr\u00e9dients et s\u2019utilise g\u00e9n\u00e9ralement entre <strong data-start=\"857\" data-end=\"870\">1 et 15 %<\/strong>, selon le niveau d\u2019occlusivit\u00e9 souhait\u00e9 et le type de produit<\/p>\n","protected":false},"excerpt":{"rendered":"<p>L\u2019huile de paraffine l\u00e9g\u00e8re (aussi appel\u00e9e paraffinum liquidum light ou light mineral oil) est une huile min\u00e9rale hautement raffin\u00e9e, transparente et inodore, utilis\u00e9e en cosm\u00e9tique pour ses propri\u00e9t\u00e9s \u00e9mollientes, adoucissantes et protectrices. Elle forme un film occlusif l\u00e9ger \u00e0 la surface de la peau ou des cheveux, limitant la perte en eau (TEWL) et am\u00e9liorant [&hellip;]<\/p>\n","protected":false},"featured_media":2126,"comment_status":"open","ping_status":"closed","template":"","meta":[],"product_brand":[],"product_cat":[86,87],"product_tag":[104,106],"class_list":{"0":"post-2151","1":"product","2":"type-product","3":"status-publish","4":"has-post-thumbnail","6":"product_cat-emollient","7":"product_cat-solvant","8":"product_tag-cosmetique","9":"product_tag-hydratant","11":"first","12":"instock","13":"shipping-taxable","14":"purchasable","15":"product-type-variable"},"_links":{"self":[{"href":"https:\/\/smartquimica.tn\/index.php?rest_route=\/wp\/v2\/product\/2151","targetHints":{"allow":["GET"]}}],"collection":[{"href":"https:\/\/smartquimica.tn\/index.php?rest_route=\/wp\/v2\/product"}],"about":[{"href":"https:\/\/smartquimica.tn\/index.php?rest_route=\/wp\/v2\/types\/product"}],"replies":[{"embeddable":true,"href":"https:\/\/smartquimica.tn\/index.php?rest_route=%2Fwp%2Fv2%2Fcomments&post=2151"}],"wp:featuredmedia":[{"embeddable":true,"href":"https:\/\/smartquimica.tn\/index.php?rest_route=\/wp\/v2\/media\/2126"}],"wp:attachment":[{"href":"https:\/\/smartquimica.tn\/index.php?rest_route=%2Fwp%2Fv2%2Fmedia&parent=2151"}],"wp:term":[{"taxonomy":"product_brand","embeddable":true,"href":"https:\/\/smartquimica.tn\/index.php?rest_route=%2Fwp%2Fv2%2Fproduct_brand&post=2151"},{"taxonomy":"product_cat","embeddable":true,"href":"https:\/\/smartquimica.tn\/index.php?rest_route=%2Fwp%2Fv2%2Fproduct_cat&post=2151"},{"taxonomy":"product_tag","embeddable":true,"href":"https:\/\/smartquimica.tn\/index.php?rest_route=%2Fwp%2Fv2%2Fproduct_tag&post=2151"}],"curies":[{"name":"wp","href":"https:\/\/api.w.org\/{rel}","templated":true}]}}