{"id":2135,"date":"2025-11-20T09:07:32","date_gmt":"2025-11-20T09:07:32","guid":{"rendered":"https:\/\/smartquimica.tn\/?post_type=product&#038;p=2135"},"modified":"2025-11-20T09:07:32","modified_gmt":"2025-11-20T09:07:32","slug":"sorbitol-70","status":"publish","type":"product","link":"https:\/\/smartquimica.tn\/?product=sorbitol-70","title":{"rendered":"SORBITOL 70"},"content":{"rendered":"<p>Le <strong data-start=\"3\" data-end=\"18\">Sorbitol 70<\/strong> est une solution aqueuse concentr\u00e9e contenant environ <strong data-start=\"73\" data-end=\"93\">70 % de sorbitol<\/strong>, un polyol d\u2019origine v\u00e9g\u00e9tale obtenu par hydrog\u00e9nation du glucose. C\u2019est un <strong data-start=\"170\" data-end=\"183\">humectant<\/strong>, <strong data-start=\"185\" data-end=\"198\">hydratant<\/strong> et <strong data-start=\"202\" data-end=\"230\">agent de r\u00e9tention d\u2019eau<\/strong> tr\u00e8s utilis\u00e9 en cosm\u00e9tique pour maintenir l\u2019hydratation de la peau et des cheveux, am\u00e9liorer la souplesse, pr\u00e9venir le dess\u00e8chement et apporter une texture plus douce et plus lisse aux formules. Plus doux et moins collant que la glyc\u00e9rine, il stabilise \u00e9galement les \u00e9mulsions, am\u00e9liore la viscosit\u00e9 et r\u00e9duit l\u2019effet irritant des tensioactifs dans les gels douche et shampoings. Le Sorbitol 70 s\u2019emploie dans les cr\u00e8mes, lotions, masques capillaires, gels, soins lavants ou produits capillaires hydratants \u00e0 des dosages g\u00e9n\u00e9ralement compris entre <strong data-start=\"779\" data-end=\"792\">1 et 10 %<\/strong>, avec une tr\u00e8s bonne tol\u00e9rance cutan\u00e9e et une compatibilit\u00e9 large avec les actifs hydrosolubles.<\/p>\n","protected":false},"excerpt":{"rendered":"<p>Le Sorbitol 70 est une solution aqueuse concentr\u00e9e contenant environ 70 % de sorbitol, un polyol d\u2019origine v\u00e9g\u00e9tale obtenu par hydrog\u00e9nation du glucose. C\u2019est un humectant, hydratant et agent de r\u00e9tention d\u2019eau tr\u00e8s utilis\u00e9 en cosm\u00e9tique pour maintenir l\u2019hydratation de la peau et des cheveux, am\u00e9liorer la souplesse, pr\u00e9venir le dess\u00e8chement et apporter une texture [&hellip;]<\/p>\n","protected":false},"featured_media":2130,"comment_status":"open","ping_status":"closed","template":"","meta":[],"product_brand":[],"product_cat":[86],"product_tag":[104,106],"class_list":{"0":"post-2135","1":"product","2":"type-product","3":"status-publish","4":"has-post-thumbnail","6":"product_cat-emollient","7":"product_tag-cosmetique","8":"product_tag-hydratant","10":"first","11":"instock","12":"shipping-taxable","13":"purchasable","14":"product-type-variable"},"_links":{"self":[{"href":"https:\/\/smartquimica.tn\/index.php?rest_route=\/wp\/v2\/product\/2135","targetHints":{"allow":["GET"]}}],"collection":[{"href":"https:\/\/smartquimica.tn\/index.php?rest_route=\/wp\/v2\/product"}],"about":[{"href":"https:\/\/smartquimica.tn\/index.php?rest_route=\/wp\/v2\/types\/product"}],"replies":[{"embeddable":true,"href":"https:\/\/smartquimica.tn\/index.php?rest_route=%2Fwp%2Fv2%2Fcomments&post=2135"}],"wp:featuredmedia":[{"embeddable":true,"href":"https:\/\/smartquimica.tn\/index.php?rest_route=\/wp\/v2\/media\/2130"}],"wp:attachment":[{"href":"https:\/\/smartquimica.tn\/index.php?rest_route=%2Fwp%2Fv2%2Fmedia&parent=2135"}],"wp:term":[{"taxonomy":"product_brand","embeddable":true,"href":"https:\/\/smartquimica.tn\/index.php?rest_route=%2Fwp%2Fv2%2Fproduct_brand&post=2135"},{"taxonomy":"product_cat","embeddable":true,"href":"https:\/\/smartquimica.tn\/index.php?rest_route=%2Fwp%2Fv2%2Fproduct_cat&post=2135"},{"taxonomy":"product_tag","embeddable":true,"href":"https:\/\/smartquimica.tn\/index.php?rest_route=%2Fwp%2Fv2%2Fproduct_tag&post=2135"}],"curies":[{"name":"wp","href":"https:\/\/api.w.org\/{rel}","templated":true}]}}