{"id":2071,"date":"2025-11-18T10:46:22","date_gmt":"2025-11-18T10:46:22","guid":{"rendered":"https:\/\/smartquimica.tn\/?post_type=product&#038;p=2071"},"modified":"2025-11-24T12:57:07","modified_gmt":"2025-11-24T12:57:07","slug":"citrate-de-sodium","status":"publish","type":"product","link":"https:\/\/smartquimica.tn\/?product=citrate-de-sodium","title":{"rendered":"CITRATE DE SODIUM"},"content":{"rendered":"<p>Le <strong data-start=\"3\" data-end=\"24\">citrate de sodium<\/strong> est un ingr\u00e9dient polyvalent en cosm\u00e9tique, utilis\u00e9 principalement comme <strong data-start=\"98\" data-end=\"114\">agent tampon<\/strong> pour stabiliser le pH des formules, mais aussi comme <strong data-start=\"168\" data-end=\"187\">agent ch\u00e9latant<\/strong>, c\u2019est-\u00e0-dire qu\u2019il capte les ions m\u00e9talliques susceptibles de d\u00e9grader les produits ou d\u2019alt\u00e9rer leur texture et leur couleur. Dans la fabrication du savon, il am\u00e9liore la <strong data-start=\"361\" data-end=\"371\">duret\u00e9<\/strong>, la <strong data-start=\"376\" data-end=\"392\">moussabilit\u00e9<\/strong> et la <strong data-start=\"399\" data-end=\"414\">rincabilit\u00e9<\/strong> en neutralisant les min\u00e9raux de l\u2019eau (calcium, magn\u00e9sium), tout en aidant \u00e0 pr\u00e9venir le rancissement des huiles gr\u00e2ce \u00e0 son action<\/p>\n","protected":false},"excerpt":{"rendered":"<p>Le citrate de sodium est un ingr\u00e9dient polyvalent en cosm\u00e9tique, utilis\u00e9 principalement comme agent tampon pour stabiliser le pH des formules, mais aussi comme agent ch\u00e9latant, c\u2019est-\u00e0-dire qu\u2019il capte les ions m\u00e9talliques susceptibles de d\u00e9grader les produits ou d\u2019alt\u00e9rer leur texture et leur couleur. Dans la fabrication du savon, il am\u00e9liore la duret\u00e9, la moussabilit\u00e9 [&hellip;]<\/p>\n","protected":false},"featured_media":2072,"comment_status":"open","ping_status":"closed","template":"","meta":[],"product_brand":[],"product_cat":[76],"product_tag":[103,108],"class_list":{"0":"post-2071","1":"product","2":"type-product","3":"status-publish","4":"has-post-thumbnail","6":"product_cat-solution-tampon","7":"product_tag-poudre","8":"product_tag-solution-tampon","10":"first","11":"instock","12":"shipping-taxable","13":"purchasable","14":"product-type-variable"},"_links":{"self":[{"href":"https:\/\/smartquimica.tn\/index.php?rest_route=\/wp\/v2\/product\/2071","targetHints":{"allow":["GET"]}}],"collection":[{"href":"https:\/\/smartquimica.tn\/index.php?rest_route=\/wp\/v2\/product"}],"about":[{"href":"https:\/\/smartquimica.tn\/index.php?rest_route=\/wp\/v2\/types\/product"}],"replies":[{"embeddable":true,"href":"https:\/\/smartquimica.tn\/index.php?rest_route=%2Fwp%2Fv2%2Fcomments&post=2071"}],"wp:featuredmedia":[{"embeddable":true,"href":"https:\/\/smartquimica.tn\/index.php?rest_route=\/wp\/v2\/media\/2072"}],"wp:attachment":[{"href":"https:\/\/smartquimica.tn\/index.php?rest_route=%2Fwp%2Fv2%2Fmedia&parent=2071"}],"wp:term":[{"taxonomy":"product_brand","embeddable":true,"href":"https:\/\/smartquimica.tn\/index.php?rest_route=%2Fwp%2Fv2%2Fproduct_brand&post=2071"},{"taxonomy":"product_cat","embeddable":true,"href":"https:\/\/smartquimica.tn\/index.php?rest_route=%2Fwp%2Fv2%2Fproduct_cat&post=2071"},{"taxonomy":"product_tag","embeddable":true,"href":"https:\/\/smartquimica.tn\/index.php?rest_route=%2Fwp%2Fv2%2Fproduct_tag&post=2071"}],"curies":[{"name":"wp","href":"https:\/\/api.w.org\/{rel}","templated":true}]}}