{"id":1917,"date":"2025-11-17T08:40:11","date_gmt":"2025-11-17T08:40:11","guid":{"rendered":"https:\/\/smartquimica.tn\/?post_type=product&#038;p=1917"},"modified":"2025-11-17T08:40:11","modified_gmt":"2025-11-17T08:40:11","slug":"fragrance-white-bright","status":"publish","type":"product","link":"https:\/\/smartquimica.tn\/?product=fragrance-white-bright","title":{"rendered":"FRAGRANCE WHITE BRIGHT"},"content":{"rendered":"<p>Une cr\u00e9ation lumineuse et \u00e9clatante. Ce parfum \u00e9voque la blancheur parfaite, le linge pur et la propret\u00e9 soyeuse. Ses notes florales blanches se m\u00ealent \u00e0 un fond musqu\u00e9 propre et \u00e9l\u00e9gant. Id\u00e9al pour les lessives premium, il rehausse l\u2019image de puret\u00e9 et de qualit\u00e9 de chaque formulation. White Bright est le choix de l\u2019\u00e9l\u00e9gance et de la performance olfactive.<\/p>\n","protected":false},"excerpt":{"rendered":"<p>Une cr\u00e9ation lumineuse et \u00e9clatante. Ce parfum \u00e9voque la blancheur parfaite, le linge pur et la propret\u00e9 soyeuse. Ses notes florales blanches se m\u00ealent \u00e0 un fond musqu\u00e9 propre et \u00e9l\u00e9gant. Id\u00e9al pour les lessives premium, il rehausse l\u2019image de puret\u00e9 et de qualit\u00e9 de chaque formulation. White Bright est le choix de l\u2019\u00e9l\u00e9gance et [&hellip;]<\/p>\n","protected":false},"featured_media":1768,"comment_status":"open","ping_status":"closed","template":"","meta":[],"product_brand":[],"product_cat":[126,122],"product_tag":[123,125],"class_list":{"0":"post-1917","1":"product","2":"type-product","3":"status-publish","4":"has-post-thumbnail","6":"product_cat-fragrance-special-bougies","7":"product_cat-fragrance-polycreatives","8":"product_tag-air-fresh-ambiance","9":"product_tag-air-fresh-parfums-de-linge","11":"first","12":"instock","13":"shipping-taxable","14":"purchasable","15":"product-type-variable"},"_links":{"self":[{"href":"https:\/\/smartquimica.tn\/index.php?rest_route=\/wp\/v2\/product\/1917","targetHints":{"allow":["GET"]}}],"collection":[{"href":"https:\/\/smartquimica.tn\/index.php?rest_route=\/wp\/v2\/product"}],"about":[{"href":"https:\/\/smartquimica.tn\/index.php?rest_route=\/wp\/v2\/types\/product"}],"replies":[{"embeddable":true,"href":"https:\/\/smartquimica.tn\/index.php?rest_route=%2Fwp%2Fv2%2Fcomments&post=1917"}],"wp:featuredmedia":[{"embeddable":true,"href":"https:\/\/smartquimica.tn\/index.php?rest_route=\/wp\/v2\/media\/1768"}],"wp:attachment":[{"href":"https:\/\/smartquimica.tn\/index.php?rest_route=%2Fwp%2Fv2%2Fmedia&parent=1917"}],"wp:term":[{"taxonomy":"product_brand","embeddable":true,"href":"https:\/\/smartquimica.tn\/index.php?rest_route=%2Fwp%2Fv2%2Fproduct_brand&post=1917"},{"taxonomy":"product_cat","embeddable":true,"href":"https:\/\/smartquimica.tn\/index.php?rest_route=%2Fwp%2Fv2%2Fproduct_cat&post=1917"},{"taxonomy":"product_tag","embeddable":true,"href":"https:\/\/smartquimica.tn\/index.php?rest_route=%2Fwp%2Fv2%2Fproduct_tag&post=1917"}],"curies":[{"name":"wp","href":"https:\/\/api.w.org\/{rel}","templated":true}]}}