{"id":1899,"date":"2025-11-15T12:25:03","date_gmt":"2025-11-15T12:25:03","guid":{"rendered":"https:\/\/smartquimica.tn\/?post_type=product&#038;p=1899"},"modified":"2025-11-15T12:25:03","modified_gmt":"2025-11-15T12:25:03","slug":"fragrance-rose-fraiche","status":"publish","type":"product","link":"https:\/\/smartquimica.tn\/?product=fragrance-rose-fraiche","title":{"rendered":"FRAGRANCE ROSE FRAICHE"},"content":{"rendered":"<p>Un bouquet floral \u00e9l\u00e9gant et d\u00e9licat, domin\u00e9 par la beaut\u00e9 naturelle de la rose fra\u00eechement cueillie. Son c\u0153ur floral s\u2019\u00e9panouit sur un fond l\u00e9g\u00e8rement musqu\u00e9, r\u00e9v\u00e9lant une f\u00e9minit\u00e9 douce et raffin\u00e9e. Id\u00e9al pour les produits d\u2019entretien haut de gamme, parfums d\u2019int\u00e9rieur ou soins du corps, il apporte une touche romantique et intemporelle. Une fragrance classique, synonyme de gr\u00e2ce et de puret\u00e9.<\/p>\n","protected":false},"excerpt":{"rendered":"<p>Un bouquet floral \u00e9l\u00e9gant et d\u00e9licat, domin\u00e9 par la beaut\u00e9 naturelle de la rose fra\u00eechement cueillie. Son c\u0153ur floral s\u2019\u00e9panouit sur un fond l\u00e9g\u00e8rement musqu\u00e9, r\u00e9v\u00e9lant une f\u00e9minit\u00e9 douce et raffin\u00e9e. Id\u00e9al pour les produits d\u2019entretien haut de gamme, parfums d\u2019int\u00e9rieur ou soins du corps, il apporte une touche romantique et intemporelle. Une fragrance classique, [&hellip;]<\/p>\n","protected":false},"featured_media":1715,"comment_status":"open","ping_status":"closed","template":"","meta":[],"product_brand":[],"product_cat":[126,122],"product_tag":[123,125],"class_list":{"0":"post-1899","1":"product","2":"type-product","3":"status-publish","4":"has-post-thumbnail","6":"product_cat-fragrance-special-bougies","7":"product_cat-fragrance-polycreatives","8":"product_tag-air-fresh-ambiance","9":"product_tag-air-fresh-parfums-de-linge","11":"first","12":"instock","13":"shipping-taxable","14":"purchasable","15":"product-type-variable"},"_links":{"self":[{"href":"https:\/\/smartquimica.tn\/index.php?rest_route=\/wp\/v2\/product\/1899","targetHints":{"allow":["GET"]}}],"collection":[{"href":"https:\/\/smartquimica.tn\/index.php?rest_route=\/wp\/v2\/product"}],"about":[{"href":"https:\/\/smartquimica.tn\/index.php?rest_route=\/wp\/v2\/types\/product"}],"replies":[{"embeddable":true,"href":"https:\/\/smartquimica.tn\/index.php?rest_route=%2Fwp%2Fv2%2Fcomments&post=1899"}],"wp:featuredmedia":[{"embeddable":true,"href":"https:\/\/smartquimica.tn\/index.php?rest_route=\/wp\/v2\/media\/1715"}],"wp:attachment":[{"href":"https:\/\/smartquimica.tn\/index.php?rest_route=%2Fwp%2Fv2%2Fmedia&parent=1899"}],"wp:term":[{"taxonomy":"product_brand","embeddable":true,"href":"https:\/\/smartquimica.tn\/index.php?rest_route=%2Fwp%2Fv2%2Fproduct_brand&post=1899"},{"taxonomy":"product_cat","embeddable":true,"href":"https:\/\/smartquimica.tn\/index.php?rest_route=%2Fwp%2Fv2%2Fproduct_cat&post=1899"},{"taxonomy":"product_tag","embeddable":true,"href":"https:\/\/smartquimica.tn\/index.php?rest_route=%2Fwp%2Fv2%2Fproduct_tag&post=1899"}],"curies":[{"name":"wp","href":"https:\/\/api.w.org\/{rel}","templated":true}]}}