{"id":1879,"date":"2025-11-15T12:00:55","date_gmt":"2025-11-15T12:00:55","guid":{"rendered":"https:\/\/smartquimica.tn\/?post_type=product&#038;p=1879"},"modified":"2025-11-15T12:00:55","modified_gmt":"2025-11-15T12:00:55","slug":"fragrance-coconut-noix-de-coco","status":"publish","type":"product","link":"https:\/\/smartquimica.tn\/?product=fragrance-coconut-noix-de-coco","title":{"rendered":"FRAGRANCE COCONUT NOIX DE COCO"},"content":{"rendered":"<p>Un voyage sensoriel vers les tropiques. Ce parfum m\u00eale la chair onctueuse de la noix de coco \u00e0 une l\u00e9g\u00e8re touche lact\u00e9e et sucr\u00e9e, \u00e9voquant les plages ensoleill\u00e9es et le sable chaud. Il insuffle aux formulations une ambiance exotique et relaxante. Parfait pour les gels douche, soins solaires, bougies et lessives estivales. Un parfum gourmand et d\u00e9paysant qui apporte un souffle d\u2019\u00e9vasion.<\/p>\n","protected":false},"excerpt":{"rendered":"<p>Un voyage sensoriel vers les tropiques. Ce parfum m\u00eale la chair onctueuse de la noix de coco \u00e0 une l\u00e9g\u00e8re touche lact\u00e9e et sucr\u00e9e, \u00e9voquant les plages ensoleill\u00e9es et le sable chaud. Il insuffle aux formulations une ambiance exotique et relaxante. Parfait pour les gels douche, soins solaires, bougies et lessives estivales. Un parfum gourmand [&hellip;]<\/p>\n","protected":false},"featured_media":1767,"comment_status":"open","ping_status":"closed","template":"","meta":[],"product_brand":[],"product_cat":[122],"product_tag":[123,125],"class_list":{"0":"post-1879","1":"product","2":"type-product","3":"status-publish","4":"has-post-thumbnail","6":"product_cat-fragrance-polycreatives","7":"product_tag-air-fresh-ambiance","8":"product_tag-air-fresh-parfums-de-linge","10":"first","11":"instock","12":"shipping-taxable","13":"purchasable","14":"product-type-variable"},"_links":{"self":[{"href":"https:\/\/smartquimica.tn\/index.php?rest_route=\/wp\/v2\/product\/1879","targetHints":{"allow":["GET"]}}],"collection":[{"href":"https:\/\/smartquimica.tn\/index.php?rest_route=\/wp\/v2\/product"}],"about":[{"href":"https:\/\/smartquimica.tn\/index.php?rest_route=\/wp\/v2\/types\/product"}],"replies":[{"embeddable":true,"href":"https:\/\/smartquimica.tn\/index.php?rest_route=%2Fwp%2Fv2%2Fcomments&post=1879"}],"wp:featuredmedia":[{"embeddable":true,"href":"https:\/\/smartquimica.tn\/index.php?rest_route=\/wp\/v2\/media\/1767"}],"wp:attachment":[{"href":"https:\/\/smartquimica.tn\/index.php?rest_route=%2Fwp%2Fv2%2Fmedia&parent=1879"}],"wp:term":[{"taxonomy":"product_brand","embeddable":true,"href":"https:\/\/smartquimica.tn\/index.php?rest_route=%2Fwp%2Fv2%2Fproduct_brand&post=1879"},{"taxonomy":"product_cat","embeddable":true,"href":"https:\/\/smartquimica.tn\/index.php?rest_route=%2Fwp%2Fv2%2Fproduct_cat&post=1879"},{"taxonomy":"product_tag","embeddable":true,"href":"https:\/\/smartquimica.tn\/index.php?rest_route=%2Fwp%2Fv2%2Fproduct_tag&post=1879"}],"curies":[{"name":"wp","href":"https:\/\/api.w.org\/{rel}","templated":true}]}}