{"id":1865,"date":"2025-11-15T11:38:19","date_gmt":"2025-11-15T11:38:19","guid":{"rendered":"https:\/\/smartquimica.tn\/?post_type=product&#038;p=1865"},"modified":"2025-11-15T11:38:19","modified_gmt":"2025-11-15T11:38:19","slug":"fragrance-golden-dust","status":"publish","type":"product","link":"https:\/\/smartquimica.tn\/?product=fragrance-golden-dust","title":{"rendered":"FRAGRANCE GOLDEN DUST"},"content":{"rendered":"<p>Un parfum lumineux et sophistiqu\u00e9, rappelant la brillance de la poudre d\u2019or sur la peau. Ses notes orientales l\u00e9g\u00e8rement ambr\u00e9es se fondent dans un c\u0153ur chaud et sensuel. Golden Dust est un choix audacieux pour ceux qui recherchent une identit\u00e9 olfactive luxueuse et moderne. Parfait pour les soins haut de gamme, il apporte une touche d\u2019\u00e9clat, de myst\u00e8re et de raffinement \u00e0 chaque formulation.<\/p>\n","protected":false},"excerpt":{"rendered":"<p>Un parfum lumineux et sophistiqu\u00e9, rappelant la brillance de la poudre d\u2019or sur la peau. Ses notes orientales l\u00e9g\u00e8rement ambr\u00e9es se fondent dans un c\u0153ur chaud et sensuel. Golden Dust est un choix audacieux pour ceux qui recherchent une identit\u00e9 olfactive luxueuse et moderne. Parfait pour les soins haut de gamme, il apporte une touche [&hellip;]<\/p>\n","protected":false},"featured_media":1750,"comment_status":"open","ping_status":"closed","template":"","meta":[],"product_brand":[],"product_cat":[122],"product_tag":[123,125],"class_list":{"0":"post-1865","1":"product","2":"type-product","3":"status-publish","4":"has-post-thumbnail","6":"product_cat-fragrance-polycreatives","7":"product_tag-air-fresh-ambiance","8":"product_tag-air-fresh-parfums-de-linge","10":"first","11":"instock","12":"shipping-taxable","13":"purchasable","14":"product-type-variable"},"_links":{"self":[{"href":"https:\/\/smartquimica.tn\/index.php?rest_route=\/wp\/v2\/product\/1865","targetHints":{"allow":["GET"]}}],"collection":[{"href":"https:\/\/smartquimica.tn\/index.php?rest_route=\/wp\/v2\/product"}],"about":[{"href":"https:\/\/smartquimica.tn\/index.php?rest_route=\/wp\/v2\/types\/product"}],"replies":[{"embeddable":true,"href":"https:\/\/smartquimica.tn\/index.php?rest_route=%2Fwp%2Fv2%2Fcomments&post=1865"}],"wp:featuredmedia":[{"embeddable":true,"href":"https:\/\/smartquimica.tn\/index.php?rest_route=\/wp\/v2\/media\/1750"}],"wp:attachment":[{"href":"https:\/\/smartquimica.tn\/index.php?rest_route=%2Fwp%2Fv2%2Fmedia&parent=1865"}],"wp:term":[{"taxonomy":"product_brand","embeddable":true,"href":"https:\/\/smartquimica.tn\/index.php?rest_route=%2Fwp%2Fv2%2Fproduct_brand&post=1865"},{"taxonomy":"product_cat","embeddable":true,"href":"https:\/\/smartquimica.tn\/index.php?rest_route=%2Fwp%2Fv2%2Fproduct_cat&post=1865"},{"taxonomy":"product_tag","embeddable":true,"href":"https:\/\/smartquimica.tn\/index.php?rest_route=%2Fwp%2Fv2%2Fproduct_tag&post=1865"}],"curies":[{"name":"wp","href":"https:\/\/api.w.org\/{rel}","templated":true}]}}