{"id":1861,"date":"2025-11-15T11:34:14","date_gmt":"2025-11-15T11:34:14","guid":{"rendered":"https:\/\/smartquimica.tn\/?post_type=product&#038;p=1861"},"modified":"2025-11-15T11:34:15","modified_gmt":"2025-11-15T11:34:15","slug":"fragrance-dove","status":"publish","type":"product","link":"https:\/\/smartquimica.tn\/?product=fragrance-dove","title":{"rendered":"FRAGRANCE DOVE"},"content":{"rendered":"<p>Inspir\u00e9e de la douceur iconique des soins DOVE, cette fragrance incarne la propret\u00e9 raffin\u00e9e et la tendresse du coton. Elle d\u00e9gage une fra\u00eecheur d\u00e9licate et un fond cr\u00e9meux qui laisse sur la peau ou le textile un voile subtil et apaisant. Son \u00e9quilibre parfait entre puret\u00e9 et confort la rend id\u00e9ale pour les produits d\u2019hygi\u00e8ne, les lessives premium et les parfums d\u2019ambiance. Un parfum symbole de douceur et de soin.<\/p>\n","protected":false},"excerpt":{"rendered":"<p>Inspir\u00e9e de la douceur iconique des soins DOVE, cette fragrance incarne la propret\u00e9 raffin\u00e9e et la tendresse du coton. Elle d\u00e9gage une fra\u00eecheur d\u00e9licate et un fond cr\u00e9meux qui laisse sur la peau ou le textile un voile subtil et apaisant. Son \u00e9quilibre parfait entre puret\u00e9 et confort la rend id\u00e9ale pour les produits d\u2019hygi\u00e8ne, [&hellip;]<\/p>\n","protected":false},"featured_media":1672,"comment_status":"open","ping_status":"closed","template":"","meta":[],"product_brand":[],"product_cat":[122],"product_tag":[123,125],"class_list":{"0":"post-1861","1":"product","2":"type-product","3":"status-publish","4":"has-post-thumbnail","6":"product_cat-fragrance-polycreatives","7":"product_tag-air-fresh-ambiance","8":"product_tag-air-fresh-parfums-de-linge","10":"first","11":"instock","12":"shipping-taxable","13":"purchasable","14":"product-type-variable"},"_links":{"self":[{"href":"https:\/\/smartquimica.tn\/index.php?rest_route=\/wp\/v2\/product\/1861","targetHints":{"allow":["GET"]}}],"collection":[{"href":"https:\/\/smartquimica.tn\/index.php?rest_route=\/wp\/v2\/product"}],"about":[{"href":"https:\/\/smartquimica.tn\/index.php?rest_route=\/wp\/v2\/types\/product"}],"replies":[{"embeddable":true,"href":"https:\/\/smartquimica.tn\/index.php?rest_route=%2Fwp%2Fv2%2Fcomments&post=1861"}],"wp:featuredmedia":[{"embeddable":true,"href":"https:\/\/smartquimica.tn\/index.php?rest_route=\/wp\/v2\/media\/1672"}],"wp:attachment":[{"href":"https:\/\/smartquimica.tn\/index.php?rest_route=%2Fwp%2Fv2%2Fmedia&parent=1861"}],"wp:term":[{"taxonomy":"product_brand","embeddable":true,"href":"https:\/\/smartquimica.tn\/index.php?rest_route=%2Fwp%2Fv2%2Fproduct_brand&post=1861"},{"taxonomy":"product_cat","embeddable":true,"href":"https:\/\/smartquimica.tn\/index.php?rest_route=%2Fwp%2Fv2%2Fproduct_cat&post=1861"},{"taxonomy":"product_tag","embeddable":true,"href":"https:\/\/smartquimica.tn\/index.php?rest_route=%2Fwp%2Fv2%2Fproduct_tag&post=1861"}],"curies":[{"name":"wp","href":"https:\/\/api.w.org\/{rel}","templated":true}]}}