{"id":1816,"date":"2025-11-10T13:13:12","date_gmt":"2025-11-10T13:13:12","guid":{"rendered":"https:\/\/smartquimica.tn\/?post_type=product&#038;p=1816"},"modified":"2025-11-14T07:55:16","modified_gmt":"2025-11-14T07:55:16","slug":"fragrance-citronnelle-bg","status":"publish","type":"product","link":"https:\/\/smartquimica.tn\/?product=fragrance-citronnelle-bg","title":{"rendered":"FRAGRANCE CITRONNELLE BG"},"content":{"rendered":"<p data-start=\"323\" data-end=\"866\">Une fragrance fra\u00eeche, vivifiante et naturellement purifiante, parfaite pour les <strong data-start=\"404\" data-end=\"452\">bougies parfum\u00e9es et les ambiances estivales<\/strong>. La <strong data-start=\"457\" data-end=\"475\">Citronnelle BG<\/strong> marie la tonicit\u00e9 du citron \u00e0 des notes vertes et herbac\u00e9es pour cr\u00e9er une atmosph\u00e8re propre et lumineuse. Sa diffusion dans la cire est excellente, offrant un parfum frais et \u00e9quilibr\u00e9, id\u00e9al pour les bougies d\u2019ext\u00e9rieur ou les cr\u00e9ations anti-moustiques naturelles. Ce parfum allie <strong data-start=\"759\" data-end=\"795\">efficacit\u00e9, fra\u00eecheur et naturel<\/strong> tout en apportant une <strong data-start=\"818\" data-end=\"847\">touche botanique \u00e9l\u00e9gante<\/strong> \u00e0 chaque bougie.<\/p>\n","protected":false},"excerpt":{"rendered":"<p>Une fragrance fra\u00eeche, vivifiante et naturellement purifiante, parfaite pour les bougies parfum\u00e9es et les ambiances estivales. La Citronnelle BG marie la tonicit\u00e9 du citron \u00e0 des notes vertes et herbac\u00e9es pour cr\u00e9er une atmosph\u00e8re propre et lumineuse. Sa diffusion dans la cire est excellente, offrant un parfum frais et \u00e9quilibr\u00e9, id\u00e9al pour les bougies d\u2019ext\u00e9rieur [&hellip;]<\/p>\n","protected":false},"featured_media":1794,"comment_status":"open","ping_status":"closed","template":"","meta":[],"product_brand":[],"product_cat":[126,122],"product_tag":[123,125],"class_list":{"0":"post-1816","1":"product","2":"type-product","3":"status-publish","4":"has-post-thumbnail","6":"product_cat-fragrance-special-bougies","7":"product_cat-fragrance-polycreatives","8":"product_tag-air-fresh-ambiance","9":"product_tag-air-fresh-parfums-de-linge","11":"first","12":"instock","13":"shipping-taxable","14":"purchasable","15":"product-type-variable"},"_links":{"self":[{"href":"https:\/\/smartquimica.tn\/index.php?rest_route=\/wp\/v2\/product\/1816","targetHints":{"allow":["GET"]}}],"collection":[{"href":"https:\/\/smartquimica.tn\/index.php?rest_route=\/wp\/v2\/product"}],"about":[{"href":"https:\/\/smartquimica.tn\/index.php?rest_route=\/wp\/v2\/types\/product"}],"replies":[{"embeddable":true,"href":"https:\/\/smartquimica.tn\/index.php?rest_route=%2Fwp%2Fv2%2Fcomments&post=1816"}],"wp:featuredmedia":[{"embeddable":true,"href":"https:\/\/smartquimica.tn\/index.php?rest_route=\/wp\/v2\/media\/1794"}],"wp:attachment":[{"href":"https:\/\/smartquimica.tn\/index.php?rest_route=%2Fwp%2Fv2%2Fmedia&parent=1816"}],"wp:term":[{"taxonomy":"product_brand","embeddable":true,"href":"https:\/\/smartquimica.tn\/index.php?rest_route=%2Fwp%2Fv2%2Fproduct_brand&post=1816"},{"taxonomy":"product_cat","embeddable":true,"href":"https:\/\/smartquimica.tn\/index.php?rest_route=%2Fwp%2Fv2%2Fproduct_cat&post=1816"},{"taxonomy":"product_tag","embeddable":true,"href":"https:\/\/smartquimica.tn\/index.php?rest_route=%2Fwp%2Fv2%2Fproduct_tag&post=1816"}],"curies":[{"name":"wp","href":"https:\/\/api.w.org\/{rel}","templated":true}]}}