{"id":1791,"date":"2025-11-10T12:21:39","date_gmt":"2025-11-10T12:21:39","guid":{"rendered":"https:\/\/smartquimica.tn\/?post_type=product&#038;p=1791"},"modified":"2025-11-14T08:22:11","modified_gmt":"2025-11-14T08:22:11","slug":"fragrance-vanille-caramel","status":"publish","type":"product","link":"https:\/\/smartquimica.tn\/?product=fragrance-vanille-caramel","title":{"rendered":"FRAGRANCE VANILLE CARAMEL"},"content":{"rendered":"<p>Une fragrance gourmande et chaleureuse qui m\u00eale la douceur sucr\u00e9e de la vanille \u00e0 la richesse fondante du caramel dor\u00e9. D\u00e8s la premi\u00e8re inspiration, elle enveloppe les sens d\u2019un sillage onctueux et addictif. Parfaite pour les bougies, les soins corporels et les ambiances cocooning, elle \u00e9voque la tendresse et le r\u00e9confort. Ce parfum s\u00e9duit les amateurs de senteurs sucr\u00e9es, apportant une touche de sensualit\u00e9 et d\u2019\u00e9l\u00e9gance \u00e0 vos cr\u00e9ations parfum\u00e9es.<\/p>\n","protected":false},"excerpt":{"rendered":"<p>Une fragrance gourmande et chaleureuse qui m\u00eale la douceur sucr\u00e9e de la vanille \u00e0 la richesse fondante du caramel dor\u00e9. D\u00e8s la premi\u00e8re inspiration, elle enveloppe les sens d\u2019un sillage onctueux et addictif. Parfaite pour les bougies, les soins corporels et les ambiances cocooning, elle \u00e9voque la tendresse et le r\u00e9confort. Ce parfum s\u00e9duit les [&hellip;]<\/p>\n","protected":false},"featured_media":1793,"comment_status":"open","ping_status":"closed","template":"","meta":[],"product_brand":[],"product_cat":[126,122],"product_tag":[123,125],"class_list":{"0":"post-1791","1":"product","2":"type-product","3":"status-publish","4":"has-post-thumbnail","6":"product_cat-fragrance-special-bougies","7":"product_cat-fragrance-polycreatives","8":"product_tag-air-fresh-ambiance","9":"product_tag-air-fresh-parfums-de-linge","11":"first","12":"instock","13":"shipping-taxable","14":"product-type-variable"},"_links":{"self":[{"href":"https:\/\/smartquimica.tn\/index.php?rest_route=\/wp\/v2\/product\/1791","targetHints":{"allow":["GET"]}}],"collection":[{"href":"https:\/\/smartquimica.tn\/index.php?rest_route=\/wp\/v2\/product"}],"about":[{"href":"https:\/\/smartquimica.tn\/index.php?rest_route=\/wp\/v2\/types\/product"}],"replies":[{"embeddable":true,"href":"https:\/\/smartquimica.tn\/index.php?rest_route=%2Fwp%2Fv2%2Fcomments&post=1791"}],"wp:featuredmedia":[{"embeddable":true,"href":"https:\/\/smartquimica.tn\/index.php?rest_route=\/wp\/v2\/media\/1793"}],"wp:attachment":[{"href":"https:\/\/smartquimica.tn\/index.php?rest_route=%2Fwp%2Fv2%2Fmedia&parent=1791"}],"wp:term":[{"taxonomy":"product_brand","embeddable":true,"href":"https:\/\/smartquimica.tn\/index.php?rest_route=%2Fwp%2Fv2%2Fproduct_brand&post=1791"},{"taxonomy":"product_cat","embeddable":true,"href":"https:\/\/smartquimica.tn\/index.php?rest_route=%2Fwp%2Fv2%2Fproduct_cat&post=1791"},{"taxonomy":"product_tag","embeddable":true,"href":"https:\/\/smartquimica.tn\/index.php?rest_route=%2Fwp%2Fv2%2Fproduct_tag&post=1791"}],"curies":[{"name":"wp","href":"https:\/\/api.w.org\/{rel}","templated":true}]}}