{"id":1595,"date":"2025-11-03T13:53:33","date_gmt":"2025-11-03T13:53:33","guid":{"rendered":"https:\/\/smartquimica.tn\/?post_type=product&#038;p=1595"},"modified":"2025-11-03T13:53:34","modified_gmt":"2025-11-03T13:53:34","slug":"mancera-rose-vanille-mancera","status":"publish","type":"product","link":"https:\/\/smartquimica.tn\/?product=mancera-rose-vanille-mancera","title":{"rendered":"MANCERA ROSE VANILLE -MANCERA"},"content":{"rendered":"<p><b>Roses Vanille<\/b>\u00a0de\u00a0<b>Mancera<\/b>\u00a0est un parfum Orientale Vanill\u00e9 pour femme.\u00a0<b>Roses Vanille<\/b>\u00a0a \u00e9t\u00e9 lanc\u00e9 en 2011. Le nez derri\u00e8re ce parfum est Pierre Montale. La note de t\u00eate est Citron d&rsquo;Italie; la note de coeur est Rose de Turquie; les notes de fond sont Vanille, Musc blanc et C\u00e8dre.<\/p>\n","protected":false},"excerpt":{"rendered":"<p>Roses Vanille\u00a0de\u00a0Mancera\u00a0est un parfum Orientale Vanill\u00e9 pour femme.\u00a0Roses Vanille\u00a0a \u00e9t\u00e9 lanc\u00e9 en 2011. Le nez derri\u00e8re ce parfum est Pierre Montale. La note de t\u00eate est Citron d&rsquo;Italie; la note de coeur est Rose de Turquie; les notes de fond sont Vanille, Musc blanc et C\u00e8dre.<\/p>\n","protected":false},"featured_media":1492,"comment_status":"open","ping_status":"closed","template":"","meta":[],"product_brand":[],"product_cat":[80,116],"product_tag":[117,118,119],"class_list":{"0":"post-1595","1":"product","2":"type-product","3":"status-publish","4":"has-post-thumbnail","6":"product_cat-fragrance","7":"product_cat-parfumerie-fine","8":"product_tag-base-de-parfum","9":"product_tag-femme","10":"product_tag-homme","12":"first","13":"instock","14":"sale","15":"shipping-taxable","16":"purchasable","17":"product-type-variable"},"_links":{"self":[{"href":"https:\/\/smartquimica.tn\/index.php?rest_route=\/wp\/v2\/product\/1595","targetHints":{"allow":["GET"]}}],"collection":[{"href":"https:\/\/smartquimica.tn\/index.php?rest_route=\/wp\/v2\/product"}],"about":[{"href":"https:\/\/smartquimica.tn\/index.php?rest_route=\/wp\/v2\/types\/product"}],"replies":[{"embeddable":true,"href":"https:\/\/smartquimica.tn\/index.php?rest_route=%2Fwp%2Fv2%2Fcomments&post=1595"}],"wp:featuredmedia":[{"embeddable":true,"href":"https:\/\/smartquimica.tn\/index.php?rest_route=\/wp\/v2\/media\/1492"}],"wp:attachment":[{"href":"https:\/\/smartquimica.tn\/index.php?rest_route=%2Fwp%2Fv2%2Fmedia&parent=1595"}],"wp:term":[{"taxonomy":"product_brand","embeddable":true,"href":"https:\/\/smartquimica.tn\/index.php?rest_route=%2Fwp%2Fv2%2Fproduct_brand&post=1595"},{"taxonomy":"product_cat","embeddable":true,"href":"https:\/\/smartquimica.tn\/index.php?rest_route=%2Fwp%2Fv2%2Fproduct_cat&post=1595"},{"taxonomy":"product_tag","embeddable":true,"href":"https:\/\/smartquimica.tn\/index.php?rest_route=%2Fwp%2Fv2%2Fproduct_tag&post=1595"}],"curies":[{"name":"wp","href":"https:\/\/api.w.org\/{rel}","templated":true}]}}