{"id":1510,"date":"2025-10-24T13:07:56","date_gmt":"2025-10-24T13:07:56","guid":{"rendered":"https:\/\/smartquimica.tn\/?post_type=product&#038;p=1510"},"modified":"2025-10-24T13:07:56","modified_gmt":"2025-10-24T13:07:56","slug":"baccarat-rouge-francis-kurkdjian","status":"publish","type":"product","link":"https:\/\/smartquimica.tn\/?product=baccarat-rouge-francis-kurkdjian","title":{"rendered":"BACCARAT ROUGE &#8211; FRANCIS KURKDJIAN"},"content":{"rendered":"<p><b>Baccarat Rouge 540<\/b>\u00a0de\u00a0<b>Maison Francis Kurkdjian<\/b>\u00a0est un parfum floral oriental pour femme et homme.\u00a0<b>Baccarat Rouge 540<\/b>\u00a0a \u00e9t\u00e9 lanc\u00e9 en 2015. Le nez derri\u00e8re ce parfum est Francis Kurkdjian. Les notes de t\u00eate sont le safran et le jasmin ; les notes de c\u0153ur sont le bois d\u2019ambre, l\u2019ambre gris et l\u2019h\u00e9dione ; les notes de fond sont la r\u00e9sine de sapin, le c\u00e8dre, le sucre, l\u2019ambroxan et la mousse de ch\u00eane.<\/p>\n","protected":false},"excerpt":{"rendered":"<p>Baccarat Rouge 540\u00a0de\u00a0Maison Francis Kurkdjian\u00a0est un parfum floral oriental pour femme et homme.\u00a0Baccarat Rouge 540\u00a0a \u00e9t\u00e9 lanc\u00e9 en 2015. Le nez derri\u00e8re ce parfum est Francis Kurkdjian. Les notes de t\u00eate sont le safran et le jasmin ; les notes de c\u0153ur sont le bois d\u2019ambre, l\u2019ambre gris et l\u2019h\u00e9dione ; les notes de fond [&hellip;]<\/p>\n","protected":false},"featured_media":1485,"comment_status":"open","ping_status":"closed","template":"","meta":[],"product_brand":[],"product_cat":[116],"product_tag":[117,118,119],"class_list":{"0":"post-1510","1":"product","2":"type-product","3":"status-publish","4":"has-post-thumbnail","6":"product_cat-parfumerie-fine","7":"product_tag-base-de-parfum","8":"product_tag-femme","9":"product_tag-homme","11":"first","12":"instock","13":"sale","14":"shipping-taxable","15":"purchasable","16":"product-type-variable"},"_links":{"self":[{"href":"https:\/\/smartquimica.tn\/index.php?rest_route=\/wp\/v2\/product\/1510","targetHints":{"allow":["GET"]}}],"collection":[{"href":"https:\/\/smartquimica.tn\/index.php?rest_route=\/wp\/v2\/product"}],"about":[{"href":"https:\/\/smartquimica.tn\/index.php?rest_route=\/wp\/v2\/types\/product"}],"replies":[{"embeddable":true,"href":"https:\/\/smartquimica.tn\/index.php?rest_route=%2Fwp%2Fv2%2Fcomments&post=1510"}],"wp:featuredmedia":[{"embeddable":true,"href":"https:\/\/smartquimica.tn\/index.php?rest_route=\/wp\/v2\/media\/1485"}],"wp:attachment":[{"href":"https:\/\/smartquimica.tn\/index.php?rest_route=%2Fwp%2Fv2%2Fmedia&parent=1510"}],"wp:term":[{"taxonomy":"product_brand","embeddable":true,"href":"https:\/\/smartquimica.tn\/index.php?rest_route=%2Fwp%2Fv2%2Fproduct_brand&post=1510"},{"taxonomy":"product_cat","embeddable":true,"href":"https:\/\/smartquimica.tn\/index.php?rest_route=%2Fwp%2Fv2%2Fproduct_cat&post=1510"},{"taxonomy":"product_tag","embeddable":true,"href":"https:\/\/smartquimica.tn\/index.php?rest_route=%2Fwp%2Fv2%2Fproduct_tag&post=1510"}],"curies":[{"name":"wp","href":"https:\/\/api.w.org\/{rel}","templated":true}]}}