{"id":1475,"date":"2025-10-23T12:19:39","date_gmt":"2025-10-23T12:19:39","guid":{"rendered":"https:\/\/smartquimica.tn\/?post_type=product&#038;p=1475"},"modified":"2025-10-23T14:32:33","modified_gmt":"2025-10-23T14:32:33","slug":"my-way-parfum-giorgio-armani","status":"publish","type":"product","link":"https:\/\/smartquimica.tn\/?product=my-way-parfum-giorgio-armani","title":{"rendered":"MY WAY  -Parfum Giorgio Armani"},"content":{"rendered":"<p><b>My Way Parfum<\/b>\u00a0de\u00a0<b>Giorgio Armani<\/b>\u00a0est un parfum Floral Bois\u00e9 Musc pour femme.\u00a0<b>My Way Parfum<\/b>\u00a0a \u00e9t\u00e9 lanc\u00e9 en 2023. Les notes de t\u00eate sont Fleur d\u2019oranger, Orange am\u00e8re et Bergamote de Calabre ; les notes de c\u0153ur sont Iris Pallida, Tub\u00e9reuse indienne et Ambrette (Mauve musqu\u00e9e) ; les notes de fond sont le musc blanc, la vanille bourbon et le c\u00e8dre.<\/p>\n","protected":false},"excerpt":{"rendered":"<p>My Way Parfum\u00a0de\u00a0Giorgio Armani\u00a0est un parfum Floral Bois\u00e9 Musc pour femme.\u00a0My Way Parfum\u00a0a \u00e9t\u00e9 lanc\u00e9 en 2023. Les notes de t\u00eate sont Fleur d\u2019oranger, Orange am\u00e8re et Bergamote de Calabre ; les notes de c\u0153ur sont Iris Pallida, Tub\u00e9reuse indienne et Ambrette (Mauve musqu\u00e9e) ; les notes de fond sont le musc blanc, la vanille [&hellip;]<\/p>\n","protected":false},"featured_media":1476,"comment_status":"open","ping_status":"closed","template":"","meta":[],"product_brand":[],"product_cat":[116],"product_tag":[117,118],"class_list":{"0":"post-1475","1":"product","2":"type-product","3":"status-publish","4":"has-post-thumbnail","6":"product_cat-parfumerie-fine","7":"product_tag-base-de-parfum","8":"product_tag-femme","10":"first","11":"instock","12":"sale","13":"shipping-taxable","14":"purchasable","15":"product-type-variable"},"_links":{"self":[{"href":"https:\/\/smartquimica.tn\/index.php?rest_route=\/wp\/v2\/product\/1475","targetHints":{"allow":["GET"]}}],"collection":[{"href":"https:\/\/smartquimica.tn\/index.php?rest_route=\/wp\/v2\/product"}],"about":[{"href":"https:\/\/smartquimica.tn\/index.php?rest_route=\/wp\/v2\/types\/product"}],"replies":[{"embeddable":true,"href":"https:\/\/smartquimica.tn\/index.php?rest_route=%2Fwp%2Fv2%2Fcomments&post=1475"}],"wp:featuredmedia":[{"embeddable":true,"href":"https:\/\/smartquimica.tn\/index.php?rest_route=\/wp\/v2\/media\/1476"}],"wp:attachment":[{"href":"https:\/\/smartquimica.tn\/index.php?rest_route=%2Fwp%2Fv2%2Fmedia&parent=1475"}],"wp:term":[{"taxonomy":"product_brand","embeddable":true,"href":"https:\/\/smartquimica.tn\/index.php?rest_route=%2Fwp%2Fv2%2Fproduct_brand&post=1475"},{"taxonomy":"product_cat","embeddable":true,"href":"https:\/\/smartquimica.tn\/index.php?rest_route=%2Fwp%2Fv2%2Fproduct_cat&post=1475"},{"taxonomy":"product_tag","embeddable":true,"href":"https:\/\/smartquimica.tn\/index.php?rest_route=%2Fwp%2Fv2%2Fproduct_tag&post=1475"}],"curies":[{"name":"wp","href":"https:\/\/api.w.org\/{rel}","templated":true}]}}