{"id":1422,"date":"2025-10-20T11:49:10","date_gmt":"2025-10-20T11:49:10","guid":{"rendered":"https:\/\/smartquimica.tn\/?post_type=product&#038;p=1422"},"modified":"2025-10-20T11:49:11","modified_gmt":"2025-10-20T11:49:11","slug":"poudre-de-mica-bronze","status":"publish","type":"product","link":"https:\/\/smartquimica.tn\/?product=poudre-de-mica-bronze","title":{"rendered":"Poudre de mica \u2013 BRONZE"},"content":{"rendered":"<p>Le mica naturel, un colorant min\u00e9ral pigment\u00e9, est id\u00e9al pour teinter vos fondants et cosm\u00e9tiques. Facile \u00e0 utiliser, il cr\u00e9e un effet scintillant sur la surface des cr\u00e9ations sans affecter la combustion. Pour les bougies n\u00e9anmoins, cela va obstruer la m\u00e8che. Utilisez-le aussi pour des cosm\u00e9tiques comme savons, laits corporels, poudres de bain, maquillages et peintures corporelles.<\/p>\n","protected":false},"excerpt":{"rendered":"<p>Le mica naturel, un colorant min\u00e9ral pigment\u00e9, est id\u00e9al pour teinter vos fondants et cosm\u00e9tiques. Facile \u00e0 utiliser, il cr\u00e9e un effet scintillant sur la surface des cr\u00e9ations sans affecter la combustion. Pour les bougies n\u00e9anmoins, cela va obstruer la m\u00e8che. Utilisez-le aussi pour des cosm\u00e9tiques comme savons, laits corporels, poudres de bain, maquillages et [&hellip;]<\/p>\n","protected":false},"featured_media":1423,"comment_status":"open","ping_status":"closed","template":"","meta":[],"product_brand":[],"product_cat":[97],"product_tag":[102,115,40],"class_list":{"0":"post-1422","1":"product","2":"type-product","3":"status-publish","4":"has-post-thumbnail","6":"product_cat-les-colorants","7":"product_tag-colorant","8":"product_tag-mica","9":"product_tag-natural","11":"first","12":"instock","13":"shipping-taxable","14":"purchasable","15":"product-type-variable"},"_links":{"self":[{"href":"https:\/\/smartquimica.tn\/index.php?rest_route=\/wp\/v2\/product\/1422","targetHints":{"allow":["GET"]}}],"collection":[{"href":"https:\/\/smartquimica.tn\/index.php?rest_route=\/wp\/v2\/product"}],"about":[{"href":"https:\/\/smartquimica.tn\/index.php?rest_route=\/wp\/v2\/types\/product"}],"replies":[{"embeddable":true,"href":"https:\/\/smartquimica.tn\/index.php?rest_route=%2Fwp%2Fv2%2Fcomments&post=1422"}],"wp:featuredmedia":[{"embeddable":true,"href":"https:\/\/smartquimica.tn\/index.php?rest_route=\/wp\/v2\/media\/1423"}],"wp:attachment":[{"href":"https:\/\/smartquimica.tn\/index.php?rest_route=%2Fwp%2Fv2%2Fmedia&parent=1422"}],"wp:term":[{"taxonomy":"product_brand","embeddable":true,"href":"https:\/\/smartquimica.tn\/index.php?rest_route=%2Fwp%2Fv2%2Fproduct_brand&post=1422"},{"taxonomy":"product_cat","embeddable":true,"href":"https:\/\/smartquimica.tn\/index.php?rest_route=%2Fwp%2Fv2%2Fproduct_cat&post=1422"},{"taxonomy":"product_tag","embeddable":true,"href":"https:\/\/smartquimica.tn\/index.php?rest_route=%2Fwp%2Fv2%2Fproduct_tag&post=1422"}],"curies":[{"name":"wp","href":"https:\/\/api.w.org\/{rel}","templated":true}]}}