{"id":1380,"date":"2025-10-16T13:19:10","date_gmt":"2025-10-16T13:19:10","guid":{"rendered":"https:\/\/smartquimica.tn\/?post_type=product&#038;p=1380"},"modified":"2025-10-16T13:19:10","modified_gmt":"2025-10-16T13:19:10","slug":"extrait-the-vert-hydroglycolique","status":"publish","type":"product","link":"https:\/\/smartquimica.tn\/?product=extrait-the-vert-hydroglycolique","title":{"rendered":"EXTRAIT THE VERT  HYDROGLYCOLIQUE"},"content":{"rendered":"<p><strong>Bienfaits pour la peau<\/strong><\/p>\n<ul>\n<li><strong>Antioxydant puissant<\/strong> : Prot\u00e8ge la peau contre les radicaux libres et le vieillissement pr\u00e9matur\u00e9.<\/li>\n<li class=\"ps-2\"><strong>D\u00e9toxifiant<\/strong> : Purifie la peau en \u00e9liminant les toxines et les impuret\u00e9s.<\/li>\n<li class=\"ps-2\"><strong>Anti-inflammatoire<\/strong> : Apaise les rougeurs et les irritations, id\u00e9al pour les peaux sensibles.<\/li>\n<li class=\"ps-2\"><strong>R\u00e9gulateur de s\u00e9bum<\/strong> : Matifie la peau et aide \u00e0 resserrer les pores, parfait pour les peaux grasses ou mixtes.<\/li>\n<li class=\"ps-2\"><strong>Hydratant<\/strong> : Gr\u00e2ce \u00e0 la glyc\u00e9rine, il contribue \u00e0 maintenir l\u2019hydratation cutan\u00e9e.<\/li>\n<li class=\"ps-2\"><strong>\u00c9claircissant doux<\/strong> : Peut aider \u00e0 estomper les taches pigmentaires et uniformiser le teint.<\/li>\n<\/ul>\n<p><strong>Bienfaits pour les cheveux<\/strong><\/p>\n<ul>\n<li><strong>Tonifiant du cuir chevelu<\/strong> : Stimule la microcirculation, favorisant une meilleure oxyg\u00e9nation des follicules.<\/li>\n<li><strong>Antipelliculaire naturel<\/strong> : Gr\u00e2ce \u00e0 ses propri\u00e9t\u00e9s purifiantes et antibact\u00e9riennes.<\/li>\n<li><strong>Renforce la fibre capillaire<\/strong> : Prot\u00e8ge les cheveux des agressions ext\u00e9rieures (pollution, UV).<\/li>\n<li><strong>Apporte de la brillance<\/strong> : Les tanins du th\u00e9 vert resserrent les cuticules, rendant les cheveux plus lisses et brillants.<\/li>\n<\/ul>\n","protected":false},"excerpt":{"rendered":"<p>Bienfaits pour la peau Antioxydant puissant : Prot\u00e8ge la peau contre les radicaux libres et le vieillissement pr\u00e9matur\u00e9. D\u00e9toxifiant : Purifie la peau en \u00e9liminant les toxines et les impuret\u00e9s. Anti-inflammatoire : Apaise les rougeurs et les irritations, id\u00e9al pour les peaux sensibles. R\u00e9gulateur de s\u00e9bum : Matifie la peau et aide \u00e0 resserrer les [&hellip;]<\/p>\n","protected":false},"featured_media":1363,"comment_status":"open","ping_status":"closed","template":"","meta":[],"product_brand":[114],"product_cat":[93],"product_tag":[113,112,40],"class_list":{"0":"post-1380","1":"product","2":"type-product","3":"status-publish","4":"has-post-thumbnail","6":"product_brand-greentech","7":"product_cat-extraits-de-plantes","8":"product_tag-actif","9":"product_tag-exrait","10":"product_tag-natural","12":"first","13":"instock","14":"shipping-taxable","15":"purchasable","16":"product-type-variable"},"_links":{"self":[{"href":"https:\/\/smartquimica.tn\/index.php?rest_route=\/wp\/v2\/product\/1380","targetHints":{"allow":["GET"]}}],"collection":[{"href":"https:\/\/smartquimica.tn\/index.php?rest_route=\/wp\/v2\/product"}],"about":[{"href":"https:\/\/smartquimica.tn\/index.php?rest_route=\/wp\/v2\/types\/product"}],"replies":[{"embeddable":true,"href":"https:\/\/smartquimica.tn\/index.php?rest_route=%2Fwp%2Fv2%2Fcomments&post=1380"}],"wp:featuredmedia":[{"embeddable":true,"href":"https:\/\/smartquimica.tn\/index.php?rest_route=\/wp\/v2\/media\/1363"}],"wp:attachment":[{"href":"https:\/\/smartquimica.tn\/index.php?rest_route=%2Fwp%2Fv2%2Fmedia&parent=1380"}],"wp:term":[{"taxonomy":"product_brand","embeddable":true,"href":"https:\/\/smartquimica.tn\/index.php?rest_route=%2Fwp%2Fv2%2Fproduct_brand&post=1380"},{"taxonomy":"product_cat","embeddable":true,"href":"https:\/\/smartquimica.tn\/index.php?rest_route=%2Fwp%2Fv2%2Fproduct_cat&post=1380"},{"taxonomy":"product_tag","embeddable":true,"href":"https:\/\/smartquimica.tn\/index.php?rest_route=%2Fwp%2Fv2%2Fproduct_tag&post=1380"}],"curies":[{"name":"wp","href":"https:\/\/api.w.org\/{rel}","templated":true}]}}