{"id":1335,"date":"2025-10-13T09:33:20","date_gmt":"2025-10-13T09:33:20","guid":{"rendered":"https:\/\/smartquimica.tn\/?post_type=product&#038;p=1335"},"modified":"2025-10-15T13:30:51","modified_gmt":"2025-10-15T13:30:51","slug":"hydrolat-lavande-vraie-sans-conservateur","status":"publish","type":"product","link":"https:\/\/smartquimica.tn\/?product=hydrolat-lavande-vraie-sans-conservateur","title":{"rendered":"HYDROLAT LAVANDE VRAIE &#8211; Sans conservateur"},"content":{"rendered":"<p>De composition l\u00e9g\u00e8rement diff\u00e9rente de l&rsquo;huile essentielle, l&rsquo;hydrolat de Lavande Officinale conserve des propri\u00e9t\u00e9s tout de m\u00eame similaires. Il est apaisant, aussi bien au niveau mental que cutan\u00e9, et peut \u00eatre utilis\u00e9 par tout le monde ! Il peut ainsi calmer les grands comme les petits agit\u00e9s<\/p>\n<ul>\n<li><strong>s\u00e9datif\u00a0<\/strong>:la pr\u00e9sence de linalol et d&rsquo;ac\u00e9tate de linalyle dans cet hydrolat favorise la d\u00e9tente. Il lutte ainsi contre le stress et les agitations nerveuses, qui peuvent par exemple \u00eatre responsables d&rsquo;insomnies.\n<p>&nbsp;<\/li>\n<li><strong>antalgique\u00a0<\/strong>:l&rsquo;hydrolat de Lavande calme les douleurs d&rsquo;origine gastrique en luttant contre les spasmes digestifs. Le linalol et l&rsquo;ac\u00e9tate de linalyle lui permettent \u00e9galement de soulager les migraines.\n<p>&nbsp;<\/li>\n<li><strong>anti-inflammatoire\u00a0<\/strong>:la Lavande a la capacit\u00e9 de soulager les inflammations cutan\u00e9es comme les piq\u00fbres d&rsquo;insectes, ou celles caus\u00e9es par les br\u00fblures superficielles comme les coups de soleil.\n<p>&nbsp;<\/li>\n<li><strong>r\u00e9pulsif\u00a0<\/strong>:comme toute lavande qui se respecte, l&rsquo;hydrolat a une action r\u00e9pulsive permettant de repousser poux, tiques et puces.\n<p>&nbsp;<\/li>\n<li><strong>cicatrisant\u00a0<\/strong>:l&rsquo;hydrolat de Lavande favorise la cicatrisation des plaies superficielles ou suite \u00e0 des probl\u00e8mes de peau comme de l&rsquo;acn\u00e9 ou de l&rsquo;ecz\u00e9ma par exemple. Il permet d&rsquo;acc\u00e9l\u00e9rer la r\u00e9g\u00e9n\u00e9ration de la peau.<\/li>\n<\/ul>\n","protected":false},"excerpt":{"rendered":"<p>De composition l\u00e9g\u00e8rement diff\u00e9rente de l&rsquo;huile essentielle, l&rsquo;hydrolat de Lavande Officinale conserve des propri\u00e9t\u00e9s tout de m\u00eame similaires. Il est apaisant, aussi bien au niveau mental que cutan\u00e9, et peut \u00eatre utilis\u00e9 par tout le monde ! Il peut ainsi calmer les grands comme les petits agit\u00e9s s\u00e9datif\u00a0:la pr\u00e9sence de linalol et d&rsquo;ac\u00e9tate de linalyle [&hellip;]<\/p>\n","protected":false},"featured_media":1336,"comment_status":"open","ping_status":"closed","template":"","meta":[],"product_brand":[],"product_cat":[94],"product_tag":[111,40],"class_list":{"0":"post-1335","1":"product","2":"type-product","3":"status-publish","4":"has-post-thumbnail","6":"product_cat-eaux-floral-et-hydrolat","7":"product_tag-eaux-floral","8":"product_tag-natural","10":"first","11":"instock","12":"shipping-taxable","13":"purchasable","14":"product-type-variable"},"_links":{"self":[{"href":"https:\/\/smartquimica.tn\/index.php?rest_route=\/wp\/v2\/product\/1335","targetHints":{"allow":["GET"]}}],"collection":[{"href":"https:\/\/smartquimica.tn\/index.php?rest_route=\/wp\/v2\/product"}],"about":[{"href":"https:\/\/smartquimica.tn\/index.php?rest_route=\/wp\/v2\/types\/product"}],"replies":[{"embeddable":true,"href":"https:\/\/smartquimica.tn\/index.php?rest_route=%2Fwp%2Fv2%2Fcomments&post=1335"}],"wp:featuredmedia":[{"embeddable":true,"href":"https:\/\/smartquimica.tn\/index.php?rest_route=\/wp\/v2\/media\/1336"}],"wp:attachment":[{"href":"https:\/\/smartquimica.tn\/index.php?rest_route=%2Fwp%2Fv2%2Fmedia&parent=1335"}],"wp:term":[{"taxonomy":"product_brand","embeddable":true,"href":"https:\/\/smartquimica.tn\/index.php?rest_route=%2Fwp%2Fv2%2Fproduct_brand&post=1335"},{"taxonomy":"product_cat","embeddable":true,"href":"https:\/\/smartquimica.tn\/index.php?rest_route=%2Fwp%2Fv2%2Fproduct_cat&post=1335"},{"taxonomy":"product_tag","embeddable":true,"href":"https:\/\/smartquimica.tn\/index.php?rest_route=%2Fwp%2Fv2%2Fproduct_tag&post=1335"}],"curies":[{"name":"wp","href":"https:\/\/api.w.org\/{rel}","templated":true}]}}