{"id":1180,"date":"2025-10-07T09:50:51","date_gmt":"2025-10-07T09:50:51","guid":{"rendered":"https:\/\/smartquimica.tn\/?post_type=product&#038;p=1180"},"modified":"2025-10-07T10:13:39","modified_gmt":"2025-10-07T10:13:39","slug":"h-v-roquette-vierge","status":"publish","type":"product","link":"https:\/\/smartquimica.tn\/?product=h-v-roquette-vierge","title":{"rendered":"HUILE VEGETALE DE ROQUETTE VIERGE"},"content":{"rendered":"<h5 data-start=\"146\" data-end=\"177\"><strong data-start=\"151\" data-end=\"177\">Propri\u00e9t\u00e9s principales<\/strong><\/h5>\n<ul data-start=\"178\" data-end=\"443\">\n<li data-start=\"178\" data-end=\"310\">\n<p data-start=\"180\" data-end=\"193\"><strong data-start=\"180\" data-end=\"193\">Cheveux :<\/strong><\/p>\n<ul data-start=\"196\" data-end=\"310\">\n<li data-start=\"196\" data-end=\"228\">\n<p data-start=\"198\" data-end=\"228\">Fortifie et stimule la pousse.<\/p>\n<\/li>\n<li data-start=\"231\" data-end=\"267\">\n<p data-start=\"233\" data-end=\"267\">Lutte contre la chute et la casse.<\/p>\n<\/li>\n<li data-start=\"270\" data-end=\"310\">\n<p data-start=\"272\" data-end=\"310\">Nourrit, prot\u00e8ge et apporte brillance.<\/p>\n<\/li>\n<\/ul>\n<\/li>\n<li data-start=\"311\" data-end=\"443\">\n<p data-start=\"313\" data-end=\"323\"><strong data-start=\"313\" data-end=\"323\">Peau :<\/strong><\/p>\n<ul data-start=\"326\" data-end=\"443\">\n<li data-start=\"326\" data-end=\"373\">\n<p data-start=\"328\" data-end=\"373\">Nourrissante, assouplissante et adoucissante.<\/p>\n<\/li>\n<li data-start=\"376\" data-end=\"443\">\n<p data-start=\"378\" data-end=\"443\">Laisse un <strong data-start=\"388\" data-end=\"406\">toucher soyeux<\/strong> sans effet gras, p\u00e9n\u00e8tre rapidement.<\/p>\n<\/li>\n<\/ul>\n<\/li>\n<\/ul>\n<hr data-start=\"445\" data-end=\"448\" \/>\n<h5 data-start=\"450\" data-end=\"484\"><strong data-start=\"455\" data-end=\"484\">Utilisations recommand\u00e9es<\/strong><\/h5>\n<ul data-start=\"485\" data-end=\"810\">\n<li data-start=\"485\" data-end=\"684\">\n<p data-start=\"487\" data-end=\"500\"><strong data-start=\"487\" data-end=\"500\">Cheveux :<\/strong><\/p>\n<ul data-start=\"503\" data-end=\"684\">\n<li data-start=\"503\" data-end=\"558\">\n<p data-start=\"505\" data-end=\"558\">Pour chute, repousse, cheveux secs, ab\u00eem\u00e9s ou fris\u00e9s.<\/p>\n<\/li>\n<li data-start=\"561\" data-end=\"684\">\n<p data-start=\"563\" data-end=\"684\">Int\u00e9gr\u00e9e dans : s\u00e9rums, bains d\u2019huile, huiles de serpent maison, cr\u00e8mes capillaires, apr\u00e8s-shampoings, shampoings-cr\u00e8mes.<\/p>\n<\/li>\n<\/ul>\n<\/li>\n<li data-start=\"685\" data-end=\"810\">\n<p data-start=\"687\" data-end=\"697\"><strong data-start=\"687\" data-end=\"697\">Peau :<\/strong><\/p>\n<ul data-start=\"700\" data-end=\"810\">\n<li data-start=\"700\" data-end=\"730\">\n<p data-start=\"702\" data-end=\"730\">Pour peaux s\u00e8ches ou r\u00eaches.<\/p>\n<\/li>\n<li data-start=\"733\" data-end=\"810\">\n<p data-start=\"735\" data-end=\"810\">Dans : huiles de massage, huiles pour le corps, cr\u00e8mes et laits hydratants.<\/p>\n<\/li>\n<\/ul>\n<\/li>\n<\/ul>\n","protected":false},"excerpt":{"rendered":"<p>Propri\u00e9t\u00e9s principales Cheveux : Fortifie et stimule la pousse. Lutte contre la chute et la casse. Nourrit, prot\u00e8ge et apporte brillance. Peau : Nourrissante, assouplissante et adoucissante. Laisse un toucher soyeux sans effet gras, p\u00e9n\u00e8tre rapidement. Utilisations recommand\u00e9es Cheveux : Pour chute, repousse, cheveux secs, ab\u00eem\u00e9s ou fris\u00e9s. Int\u00e9gr\u00e9e dans : s\u00e9rums, bains d\u2019huile, huiles [&hellip;]<\/p>\n","protected":false},"featured_media":1181,"comment_status":"open","ping_status":"closed","template":"","meta":[],"product_brand":[],"product_cat":[92],"product_tag":[109,110],"class_list":{"0":"post-1180","1":"product","2":"type-product","3":"status-publish","4":"has-post-thumbnail","6":"product_cat-huiles-vegetales","7":"product_tag-huile-vegetale","8":"product_tag-vierge","10":"first","11":"instock","12":"shipping-taxable","13":"purchasable","14":"product-type-variable"},"_links":{"self":[{"href":"https:\/\/smartquimica.tn\/index.php?rest_route=\/wp\/v2\/product\/1180","targetHints":{"allow":["GET"]}}],"collection":[{"href":"https:\/\/smartquimica.tn\/index.php?rest_route=\/wp\/v2\/product"}],"about":[{"href":"https:\/\/smartquimica.tn\/index.php?rest_route=\/wp\/v2\/types\/product"}],"replies":[{"embeddable":true,"href":"https:\/\/smartquimica.tn\/index.php?rest_route=%2Fwp%2Fv2%2Fcomments&post=1180"}],"wp:featuredmedia":[{"embeddable":true,"href":"https:\/\/smartquimica.tn\/index.php?rest_route=\/wp\/v2\/media\/1181"}],"wp:attachment":[{"href":"https:\/\/smartquimica.tn\/index.php?rest_route=%2Fwp%2Fv2%2Fmedia&parent=1180"}],"wp:term":[{"taxonomy":"product_brand","embeddable":true,"href":"https:\/\/smartquimica.tn\/index.php?rest_route=%2Fwp%2Fv2%2Fproduct_brand&post=1180"},{"taxonomy":"product_cat","embeddable":true,"href":"https:\/\/smartquimica.tn\/index.php?rest_route=%2Fwp%2Fv2%2Fproduct_cat&post=1180"},{"taxonomy":"product_tag","embeddable":true,"href":"https:\/\/smartquimica.tn\/index.php?rest_route=%2Fwp%2Fv2%2Fproduct_tag&post=1180"}],"curies":[{"name":"wp","href":"https:\/\/api.w.org\/{rel}","templated":true}]}}