{"id":1172,"date":"2025-10-07T08:19:47","date_gmt":"2025-10-07T08:19:47","guid":{"rendered":"https:\/\/smartquimica.tn\/?post_type=product&#038;p=1172"},"modified":"2025-10-07T08:19:47","modified_gmt":"2025-10-07T08:19:47","slug":"huile-vegetale-damande-douce-vierge","status":"publish","type":"product","link":"https:\/\/smartquimica.tn\/?product=huile-vegetale-damande-douce-vierge","title":{"rendered":"HUILE V\u00c9G\u00c9TALE D&rsquo;AMANDE DOUCE VIERGE"},"content":{"rendered":"<p>Adoucissante et apaisante, l&rsquo;huile v\u00e9g\u00e9tale d&rsquo;Amande Douce est id\u00e9ale pour les peaux sensibles et fragiles. Son utilisation est donc particuli\u00e8rement adapt\u00e9e pendant la grossesse et pour les b\u00e9b\u00e9s et les enfants. Cette huile v\u00e9g\u00e9tale regroupe des propri\u00e9t\u00e9s th\u00e9rapeutiques mais \u00e9galement cosm\u00e9tiques. L&rsquo;huile\u00a0v\u00e9g\u00e9tale d&rsquo;amande douce biologique est riche en om\u00e9ga 6 et 9 et contient de la vitamine A et E.C&rsquo;est une huile tr\u00e8s douce bien tol\u00e9r\u00e9e par tous.<\/p>\n<p>Nom latin : Prunus dulcis (Mill.)<\/p>\n<p>Partie utilis\u00e9e : amandes<\/p>\n","protected":false},"excerpt":{"rendered":"<p>\u0632\u064a\u062a \u0627\u0644\u0644\u0648\u0632 \u0627\u0644\u062d\u0644\u0648 \u0627\u0644\u0628\u0643\u0631<\/p>\n","protected":false},"featured_media":1178,"comment_status":"open","ping_status":"closed","template":"","meta":[],"product_brand":[],"product_cat":[92],"product_tag":[109,110],"class_list":{"0":"post-1172","1":"product","2":"type-product","3":"status-publish","4":"has-post-thumbnail","6":"product_cat-huiles-vegetales","7":"product_tag-huile-vegetale","8":"product_tag-vierge","10":"first","11":"instock","12":"shipping-taxable","13":"purchasable","14":"product-type-variable"},"_links":{"self":[{"href":"https:\/\/smartquimica.tn\/index.php?rest_route=\/wp\/v2\/product\/1172","targetHints":{"allow":["GET"]}}],"collection":[{"href":"https:\/\/smartquimica.tn\/index.php?rest_route=\/wp\/v2\/product"}],"about":[{"href":"https:\/\/smartquimica.tn\/index.php?rest_route=\/wp\/v2\/types\/product"}],"replies":[{"embeddable":true,"href":"https:\/\/smartquimica.tn\/index.php?rest_route=%2Fwp%2Fv2%2Fcomments&post=1172"}],"wp:featuredmedia":[{"embeddable":true,"href":"https:\/\/smartquimica.tn\/index.php?rest_route=\/wp\/v2\/media\/1178"}],"wp:attachment":[{"href":"https:\/\/smartquimica.tn\/index.php?rest_route=%2Fwp%2Fv2%2Fmedia&parent=1172"}],"wp:term":[{"taxonomy":"product_brand","embeddable":true,"href":"https:\/\/smartquimica.tn\/index.php?rest_route=%2Fwp%2Fv2%2Fproduct_brand&post=1172"},{"taxonomy":"product_cat","embeddable":true,"href":"https:\/\/smartquimica.tn\/index.php?rest_route=%2Fwp%2Fv2%2Fproduct_cat&post=1172"},{"taxonomy":"product_tag","embeddable":true,"href":"https:\/\/smartquimica.tn\/index.php?rest_route=%2Fwp%2Fv2%2Fproduct_tag&post=1172"}],"curies":[{"name":"wp","href":"https:\/\/api.w.org\/{rel}","templated":true}]}}