{"id":1008,"date":"2025-08-26T10:15:51","date_gmt":"2025-08-26T10:15:51","guid":{"rendered":"https:\/\/smartquimica.tn\/?post_type=product&#038;p=1008"},"modified":"2025-08-26T10:15:51","modified_gmt":"2025-08-26T10:15:51","slug":"argile-marron-rhassoul-illite","status":"publish","type":"product","link":"https:\/\/smartquimica.tn\/?product=argile-marron-rhassoul-illite","title":{"rendered":"ARGILE MARRON RHASSOUL ILLITE"},"content":{"rendered":"<p>V\u00e9ritable \u00ab\u00a0terre qui lave\u00a0\u00bb, le Rhassoul est une argile volcanique r\u00e9colt\u00e9e dans la r\u00e9gion du Moyen Atlas au Maroc. Il s&rsquo;utilise pour pr\u00e9parer des shampoings en p\u00e2te doux et purifiants gr\u00e2ce \u00e0 son aptitude exceptionnelle \u00e0 absorber les impuret\u00e9s sans irriter la peau. C&rsquo;est un \u00e9l\u00e9ment incontournable des rituels du hammam. A la diff\u00e9rence des shampoings et savons, le Rhassoul ne contient aucun tensioactif et nettoie selon un processus physique en absorbant les impuret\u00e9s et les graisses. Il respecte ainsi le film hydrolipidique de la peau et du cheveu et n&rsquo;irrite pas les glandes s\u00e9bac\u00e9es.<\/p>\n","protected":false},"excerpt":{"rendered":"<p>V\u00e9ritable \u00ab\u00a0terre qui lave\u00a0\u00bb, le Rhassoul est une argile volcanique r\u00e9colt\u00e9e dans la r\u00e9gion du Moyen Atlas au Maroc. Il s&rsquo;utilise pour pr\u00e9parer des shampoings en p\u00e2te doux et purifiants gr\u00e2ce \u00e0 son aptitude exceptionnelle \u00e0 absorber les impuret\u00e9s sans irriter la peau. C&rsquo;est un \u00e9l\u00e9ment incontournable des rituels du hammam. A la diff\u00e9rence des [&hellip;]<\/p>\n","protected":false},"featured_media":1009,"comment_status":"open","ping_status":"closed","template":"","meta":[],"product_brand":[],"product_cat":[97,73],"product_tag":[105,102,98],"class_list":{"0":"post-1008","1":"product","2":"type-product","3":"status-publish","4":"has-post-thumbnail","6":"product_cat-les-colorants","7":"product_cat-exfoliant","8":"product_tag-argile","9":"product_tag-colorant","10":"product_tag-exfoliant","12":"first","13":"instock","14":"shipping-taxable","15":"purchasable","16":"product-type-variable"},"_links":{"self":[{"href":"https:\/\/smartquimica.tn\/index.php?rest_route=\/wp\/v2\/product\/1008","targetHints":{"allow":["GET"]}}],"collection":[{"href":"https:\/\/smartquimica.tn\/index.php?rest_route=\/wp\/v2\/product"}],"about":[{"href":"https:\/\/smartquimica.tn\/index.php?rest_route=\/wp\/v2\/types\/product"}],"replies":[{"embeddable":true,"href":"https:\/\/smartquimica.tn\/index.php?rest_route=%2Fwp%2Fv2%2Fcomments&post=1008"}],"wp:featuredmedia":[{"embeddable":true,"href":"https:\/\/smartquimica.tn\/index.php?rest_route=\/wp\/v2\/media\/1009"}],"wp:attachment":[{"href":"https:\/\/smartquimica.tn\/index.php?rest_route=%2Fwp%2Fv2%2Fmedia&parent=1008"}],"wp:term":[{"taxonomy":"product_brand","embeddable":true,"href":"https:\/\/smartquimica.tn\/index.php?rest_route=%2Fwp%2Fv2%2Fproduct_brand&post=1008"},{"taxonomy":"product_cat","embeddable":true,"href":"https:\/\/smartquimica.tn\/index.php?rest_route=%2Fwp%2Fv2%2Fproduct_cat&post=1008"},{"taxonomy":"product_tag","embeddable":true,"href":"https:\/\/smartquimica.tn\/index.php?rest_route=%2Fwp%2Fv2%2Fproduct_tag&post=1008"}],"curies":[{"name":"wp","href":"https:\/\/api.w.org\/{rel}","templated":true}]}}